{"id":2069,"date":"2023-05-10T11:02:00","date_gmt":"2023-05-10T11:02:00","guid":{"rendered":"https:\/\/kad.al\/?post_type=product&#038;p=2069"},"modified":"2023-08-25T13:49:17","modified_gmt":"2023-08-25T13:49:17","slug":"une-jam-cfare-kam-harruar","status":"publish","type":"product","link":"https:\/\/kad.al\/index.php\/product\/une-jam-cfare-kam-harruar\/","title":{"rendered":"UN\u00cb JAM \u00c7FAR\u00cb KAM HARRUAR"},"content":{"rendered":"","protected":false},"excerpt":{"rendered":"<p><strong>UN\u00cb JAM \u00c7FAR\u00cb KAM HARRUAR<\/strong><\/p>\n<p>Ilias Maglinis<\/p>\n<p>ISBN\u00a0978-9928-383-70-9<\/p>\n<p>194 faqe<\/p>\n<p>\u00c7mimi 1000 Lek\u00eb \/ 9 \u20ac<\/p>\n<p>Nj\u00eb roman mbi filozofin\u00eb\u00a0 e jet\u00ebs.<\/p>\n<p>&nbsp;<\/p>\n","protected":false},"featured_media":2070,"template":"","meta":[],"product_brand":[],"product_cat":[26],"product_tag":[],"class_list":{"0":"post-2069","1":"product","2":"type-product","3":"status-publish","4":"has-post-thumbnail","6":"product_cat-fjalore-albume","7":"description-off","9":"first","10":"instock","11":"shipping-taxable","12":"product-type-simple"},"_links":{"self":[{"href":"https:\/\/kad.al\/index.php\/wp-json\/wp\/v2\/product\/2069","targetHints":{"allow":["GET"]}}],"collection":[{"href":"https:\/\/kad.al\/index.php\/wp-json\/wp\/v2\/product"}],"about":[{"href":"https:\/\/kad.al\/index.php\/wp-json\/wp\/v2\/types\/product"}],"wp:featuredmedia":[{"embeddable":true,"href":"https:\/\/kad.al\/index.php\/wp-json\/wp\/v2\/media\/2070"}],"wp:attachment":[{"href":"https:\/\/kad.al\/index.php\/wp-json\/wp\/v2\/media?parent=2069"}],"wp:term":[{"taxonomy":"product_brand","embeddable":true,"href":"https:\/\/kad.al\/index.php\/wp-json\/wp\/v2\/product_brand?post=2069"},{"taxonomy":"product_cat","embeddable":true,"href":"https:\/\/kad.al\/index.php\/wp-json\/wp\/v2\/product_cat?post=2069"},{"taxonomy":"product_tag","embeddable":true,"href":"https:\/\/kad.al\/index.php\/wp-json\/wp\/v2\/product_tag?post=2069"}],"curies":[{"name":"wp","href":"https:\/\/api.w.org\/{rel}","templated":true}]}}