{"id":2066,"date":"2023-05-10T10:47:39","date_gmt":"2023-05-10T10:47:39","guid":{"rendered":"https:\/\/kad.al\/?post_type=product&#038;p=2066"},"modified":"2023-05-10T10:56:41","modified_gmt":"2023-05-10T10:56:41","slug":"viola-dhe-gardiania-e-diellit","status":"publish","type":"product","link":"https:\/\/kad.al\/index.php\/product\/viola-dhe-gardiania-e-diellit\/","title":{"rendered":"VIOLA DHE GARDIANIA E DIELLIT"},"content":{"rendered":"","protected":false},"excerpt":{"rendered":"<p>VIOLA DHE GARDIANIA E DIELLIT<\/p>\n<p><strong><em>Maja Lunde<\/em><\/strong><\/p>\n<p>ISBN 978-9928-383-62-4<\/p>\n<p>\u00c7mimi 1200 Lek\u00eb \/ 11 \u20ac<\/p>\n<p>200 faqe<\/p>\n<p style=\"text-align: left;\">Nj\u00eb p\u00ebrrall\u00eb me plot t\u00eb papritura e cila flet p\u00ebr humbjen, p\u00ebr p\u00ebrballjen me frik\u00ebn dhe rifitimin e dashuris\u00eb dhe lumturis\u00eb s\u00eb humbur.<\/p>\n<p><strong>Ky lib\u00ebr shoq\u00ebrohet me ilustrime nga Lisa Aisato<\/strong><\/p>\n","protected":false},"featured_media":2067,"template":"","meta":[],"product_brand":[],"product_cat":[25],"product_tag":[],"class_list":{"0":"post-2066","1":"product","2":"type-product","3":"status-publish","4":"has-post-thumbnail","6":"product_cat-letersi-per-femije-dhe-te-rinj","7":"description-off","9":"first","10":"instock","11":"shipping-taxable","12":"product-type-simple"},"_links":{"self":[{"href":"https:\/\/kad.al\/index.php\/wp-json\/wp\/v2\/product\/2066","targetHints":{"allow":["GET"]}}],"collection":[{"href":"https:\/\/kad.al\/index.php\/wp-json\/wp\/v2\/product"}],"about":[{"href":"https:\/\/kad.al\/index.php\/wp-json\/wp\/v2\/types\/product"}],"wp:featuredmedia":[{"embeddable":true,"href":"https:\/\/kad.al\/index.php\/wp-json\/wp\/v2\/media\/2067"}],"wp:attachment":[{"href":"https:\/\/kad.al\/index.php\/wp-json\/wp\/v2\/media?parent=2066"}],"wp:term":[{"taxonomy":"product_brand","embeddable":true,"href":"https:\/\/kad.al\/index.php\/wp-json\/wp\/v2\/product_brand?post=2066"},{"taxonomy":"product_cat","embeddable":true,"href":"https:\/\/kad.al\/index.php\/wp-json\/wp\/v2\/product_cat?post=2066"},{"taxonomy":"product_tag","embeddable":true,"href":"https:\/\/kad.al\/index.php\/wp-json\/wp\/v2\/product_tag?post=2066"}],"curies":[{"name":"wp","href":"https:\/\/api.w.org\/{rel}","templated":true}]}}