{"id":2062,"date":"2023-02-16T12:52:09","date_gmt":"2023-02-16T12:52:09","guid":{"rendered":"https:\/\/kad.al\/?post_type=product&#038;p=2062"},"modified":"2023-02-16T13:04:08","modified_gmt":"2023-02-16T13:04:08","slug":"trilussa-mtirone","status":"publish","type":"product","link":"https:\/\/kad.al\/index.php\/product\/trilussa-mtirone\/","title":{"rendered":"TRILUSSA M&#8217;TIRON\u00cb"},"content":{"rendered":"","protected":false},"excerpt":{"rendered":"<p><strong>TRILUSSA M&#8217;TIRON\u00cb<\/strong><\/p>\n<p><b>TRILUSSA<br \/>\n<\/b><b>(Carlo Alberto Camillo Mariano Salustri)<\/b><\/p>\n<p>ISBN\u00a0978-9928-383-54-9<\/p>\n<p>\u00c7mimi 1200 Lek\u00eb \/ 10 \u20ac<\/p>\n<p><em><strong> P\u00ebrzgjodhi dhe p\u00ebrshtati nga dialekti romanesk<br \/>\nn\u00eb t\u00eb folmen tironse, <\/strong><\/em><em><strong>Maksim Rakipaj<\/strong><\/em><\/p>\n<p>Carlo Alberto Salustri, i njohur ndryshe edhe si Trilussa, ishte poeti i cili p\u00ebrshkroi n\u00eb veprat e tij borgjezin\u00eb romane. Do t\u00eb niste t\u00eb shkruante sonetet e para rreth vitit 1880 e do ti publikonte ato te Don Chisciotte apo Messaggero. Veprat e tij dallohen p\u00ebr nj\u00eb shpirt satirik edhe arg\u00ebtues nj\u00ebkoh\u00ebsisht, skeptik dhe melankolik n\u00eb momente t\u00eb tjera. Sht\u00ebpia Botuese Jozef \u00ebsht\u00eb kujdesur q\u00eb ta rikthej\u00eb s\u00ebrish n\u00eb duart e lexuesit vepr\u00ebn e poetit italian.<\/p>\n","protected":false},"featured_media":2063,"template":"","meta":[],"product_brand":[],"product_cat":[24],"product_tag":[],"class_list":{"0":"post-2062","1":"product","2":"type-product","3":"status-publish","4":"has-post-thumbnail","6":"product_cat-poezi","7":"description-off","9":"first","10":"instock","11":"shipping-taxable","12":"product-type-simple"},"_links":{"self":[{"href":"https:\/\/kad.al\/index.php\/wp-json\/wp\/v2\/product\/2062","targetHints":{"allow":["GET"]}}],"collection":[{"href":"https:\/\/kad.al\/index.php\/wp-json\/wp\/v2\/product"}],"about":[{"href":"https:\/\/kad.al\/index.php\/wp-json\/wp\/v2\/types\/product"}],"wp:featuredmedia":[{"embeddable":true,"href":"https:\/\/kad.al\/index.php\/wp-json\/wp\/v2\/media\/2063"}],"wp:attachment":[{"href":"https:\/\/kad.al\/index.php\/wp-json\/wp\/v2\/media?parent=2062"}],"wp:term":[{"taxonomy":"product_brand","embeddable":true,"href":"https:\/\/kad.al\/index.php\/wp-json\/wp\/v2\/product_brand?post=2062"},{"taxonomy":"product_cat","embeddable":true,"href":"https:\/\/kad.al\/index.php\/wp-json\/wp\/v2\/product_cat?post=2062"},{"taxonomy":"product_tag","embeddable":true,"href":"https:\/\/kad.al\/index.php\/wp-json\/wp\/v2\/product_tag?post=2062"}],"curies":[{"name":"wp","href":"https:\/\/api.w.org\/{rel}","templated":true}]}}