{"id":2058,"date":"2023-02-13T12:26:30","date_gmt":"2023-02-13T12:26:30","guid":{"rendered":"https:\/\/kad.al\/?post_type=product&#038;p=2058"},"modified":"2023-02-13T12:33:28","modified_gmt":"2023-02-13T12:33:28","slug":"jemi-te-etur-per-dhembshuri","status":"publish","type":"product","link":"https:\/\/kad.al\/index.php\/product\/jemi-te-etur-per-dhembshuri\/","title":{"rendered":"JEMI T\u00cb ETUR P\u00cbR DHEMBSHURI"},"content":{"rendered":"","protected":false},"excerpt":{"rendered":"<p><strong>JEMI T\u00cb ETUR P\u00cbR DHEMBSHURI<\/strong><\/p>\n<p><em><strong>Alda Merini<\/strong><\/em><\/p>\n<p>ISBN 978-9928-383-50-1<\/p>\n<p>\u00c7mimi 1000 Lek\u00eb\u00a0 \/ 8 \u20ac<\/p>\n<p>Shqip\u00ebroi: Maksim Rakipaj<\/p>\n<p>Libri \u00ebsht\u00eb permbledhje poezish e p\u00ebrzgjedhur nga Maksim Rakipaj, t\u00eb autores s\u00eb njohur italiane Alda Merini.<\/p>\n","protected":false},"featured_media":2059,"template":"","meta":[],"product_brand":[],"product_cat":[24],"product_tag":[],"class_list":{"0":"post-2058","1":"product","2":"type-product","3":"status-publish","4":"has-post-thumbnail","6":"product_cat-poezi","7":"description-off","9":"first","10":"instock","11":"shipping-taxable","12":"product-type-simple"},"_links":{"self":[{"href":"https:\/\/kad.al\/index.php\/wp-json\/wp\/v2\/product\/2058","targetHints":{"allow":["GET"]}}],"collection":[{"href":"https:\/\/kad.al\/index.php\/wp-json\/wp\/v2\/product"}],"about":[{"href":"https:\/\/kad.al\/index.php\/wp-json\/wp\/v2\/types\/product"}],"wp:featuredmedia":[{"embeddable":true,"href":"https:\/\/kad.al\/index.php\/wp-json\/wp\/v2\/media\/2059"}],"wp:attachment":[{"href":"https:\/\/kad.al\/index.php\/wp-json\/wp\/v2\/media?parent=2058"}],"wp:term":[{"taxonomy":"product_brand","embeddable":true,"href":"https:\/\/kad.al\/index.php\/wp-json\/wp\/v2\/product_brand?post=2058"},{"taxonomy":"product_cat","embeddable":true,"href":"https:\/\/kad.al\/index.php\/wp-json\/wp\/v2\/product_cat?post=2058"},{"taxonomy":"product_tag","embeddable":true,"href":"https:\/\/kad.al\/index.php\/wp-json\/wp\/v2\/product_tag?post=2058"}],"curies":[{"name":"wp","href":"https:\/\/api.w.org\/{rel}","templated":true}]}}