{"id":2030,"date":"2023-01-20T07:39:01","date_gmt":"2023-01-20T07:39:01","guid":{"rendered":"https:\/\/kad.al\/?post_type=product&#038;p=2030"},"modified":"2023-01-20T08:12:40","modified_gmt":"2023-01-20T08:12:40","slug":"hapesire-midis-dy-notave","status":"publish","type":"product","link":"https:\/\/kad.al\/index.php\/product\/hapesire-midis-dy-notave\/","title":{"rendered":"HAP\u00cbSIR\u00cb MIDIS DY NOTAVE"},"content":{"rendered":"","protected":false},"excerpt":{"rendered":"<p><strong>HAP\u00cbSIR\u00cb MIDIS DY NOTAVE<\/strong><\/p>\n<p><em><strong>Flurans Ilia<\/strong><\/em><\/p>\n<p>ISBN 978-9928-383-28-0<\/p>\n<p>\u00c7mimi 500 Lek\u00eb\u00a0 \/ 4 \u20ac<\/p>\n<p>Poezi nga autori Flurans Ilia.<\/p>\n","protected":false},"featured_media":2033,"template":"","meta":[],"product_brand":[],"product_cat":[24],"product_tag":[],"class_list":{"0":"post-2030","1":"product","2":"type-product","3":"status-publish","4":"has-post-thumbnail","6":"product_cat-poezi","7":"description-off","9":"first","10":"instock","11":"shipping-taxable","12":"product-type-simple"},"_links":{"self":[{"href":"https:\/\/kad.al\/index.php\/wp-json\/wp\/v2\/product\/2030","targetHints":{"allow":["GET"]}}],"collection":[{"href":"https:\/\/kad.al\/index.php\/wp-json\/wp\/v2\/product"}],"about":[{"href":"https:\/\/kad.al\/index.php\/wp-json\/wp\/v2\/types\/product"}],"wp:featuredmedia":[{"embeddable":true,"href":"https:\/\/kad.al\/index.php\/wp-json\/wp\/v2\/media\/2033"}],"wp:attachment":[{"href":"https:\/\/kad.al\/index.php\/wp-json\/wp\/v2\/media?parent=2030"}],"wp:term":[{"taxonomy":"product_brand","embeddable":true,"href":"https:\/\/kad.al\/index.php\/wp-json\/wp\/v2\/product_brand?post=2030"},{"taxonomy":"product_cat","embeddable":true,"href":"https:\/\/kad.al\/index.php\/wp-json\/wp\/v2\/product_cat?post=2030"},{"taxonomy":"product_tag","embeddable":true,"href":"https:\/\/kad.al\/index.php\/wp-json\/wp\/v2\/product_tag?post=2030"}],"curies":[{"name":"wp","href":"https:\/\/api.w.org\/{rel}","templated":true}]}}