{"id":2023,"date":"2022-12-13T14:19:37","date_gmt":"2022-12-13T14:19:37","guid":{"rendered":"https:\/\/kad.al\/?post_type=product&#038;p=2023"},"modified":"2025-07-07T08:48:55","modified_gmt":"2025-07-07T08:48:55","slug":"ecclesia-dyrrhachiensis","status":"publish","type":"product","link":"https:\/\/kad.al\/index.php\/product\/ecclesia-dyrrhachiensis\/","title":{"rendered":"ECCLESIA DYRRHACHIENSIS"},"content":{"rendered":"","protected":false},"excerpt":{"rendered":"<p><strong>ECCLESIA DYRRHACHIENSIS<\/strong><\/p>\n<p><em>Dorian Hatibi<\/em><\/p>\n<p>ISBN 978-9928&#8211;383 &#8211; 36 -5<\/p>\n<p>\u00c7mimi 800 Lek\u00eb<\/p>\n<p>138 Faqe<\/p>\n<p>Nj\u00eb histori e p\u00ebrmbledhur e Kish\u00ebs Katolike n\u00eb qytetin e Durr\u00ebsit.<\/p>\n","protected":false},"featured_media":2024,"template":"","meta":[],"product_brand":[],"product_cat":[22],"product_tag":[],"class_list":{"0":"post-2023","1":"product","2":"type-product","3":"status-publish","4":"has-post-thumbnail","6":"product_cat-histori","7":"description-off","9":"first","10":"instock","11":"shipping-taxable","12":"product-type-simple"},"_links":{"self":[{"href":"https:\/\/kad.al\/index.php\/wp-json\/wp\/v2\/product\/2023","targetHints":{"allow":["GET"]}}],"collection":[{"href":"https:\/\/kad.al\/index.php\/wp-json\/wp\/v2\/product"}],"about":[{"href":"https:\/\/kad.al\/index.php\/wp-json\/wp\/v2\/types\/product"}],"wp:featuredmedia":[{"embeddable":true,"href":"https:\/\/kad.al\/index.php\/wp-json\/wp\/v2\/media\/2024"}],"wp:attachment":[{"href":"https:\/\/kad.al\/index.php\/wp-json\/wp\/v2\/media?parent=2023"}],"wp:term":[{"taxonomy":"product_brand","embeddable":true,"href":"https:\/\/kad.al\/index.php\/wp-json\/wp\/v2\/product_brand?post=2023"},{"taxonomy":"product_cat","embeddable":true,"href":"https:\/\/kad.al\/index.php\/wp-json\/wp\/v2\/product_cat?post=2023"},{"taxonomy":"product_tag","embeddable":true,"href":"https:\/\/kad.al\/index.php\/wp-json\/wp\/v2\/product_tag?post=2023"}],"curies":[{"name":"wp","href":"https:\/\/api.w.org\/{rel}","templated":true}]}}