{"id":1980,"date":"2022-11-22T09:15:10","date_gmt":"2022-11-22T09:15:10","guid":{"rendered":"https:\/\/kad.al\/?post_type=product&#038;p=1980"},"modified":"2022-11-22T09:20:07","modified_gmt":"2022-11-22T09:20:07","slug":"jemi-gjalle-gjer-ne-mbremje","status":"publish","type":"product","link":"https:\/\/kad.al\/index.php\/product\/jemi-gjalle-gjer-ne-mbremje\/","title":{"rendered":"JEMI GJALL\u00cb GJER N\u00cb MBR\u00cbMJE"},"content":{"rendered":"","protected":false},"excerpt":{"rendered":"<p><strong>JEMI GJALL\u00cb GJER N\u00cb MBR\u00cbMJE<\/strong><\/p>\n<p><em><strong>Erina \u00c7oku<\/strong><\/em><\/p>\n<p>ISBN 978-9928-383-20-4<\/p>\n<p>\u00c7mimi 1500 Lek\u00eb \/ 13 \u20ac<\/p>\n<p>Jemi gjall\u00eb gjer n\u00eb mbr\u00ebmje \u00ebsht\u00eb botimi i tret\u00eb i triologjis\u00eb poetike nga Erina \u00c7oku e cila\u00a0p\u00ebrfshin tri veprat: \u201cFill\u201d, \u201cRr\u00ebfime t\u00eb vogla p\u00ebr shenja t\u00eb m\u00ebdha\u201d dhe \u201cJemi gjall\u00eb gjer n\u00eb mbr\u00ebmje\u201d.<\/p>\n","protected":false},"featured_media":1981,"template":"","meta":[],"product_brand":[],"product_cat":[24],"product_tag":[],"class_list":{"0":"post-1980","1":"product","2":"type-product","3":"status-publish","4":"has-post-thumbnail","6":"product_cat-poezi","7":"description-off","9":"first","10":"instock","11":"shipping-taxable","12":"product-type-simple"},"_links":{"self":[{"href":"https:\/\/kad.al\/index.php\/wp-json\/wp\/v2\/product\/1980","targetHints":{"allow":["GET"]}}],"collection":[{"href":"https:\/\/kad.al\/index.php\/wp-json\/wp\/v2\/product"}],"about":[{"href":"https:\/\/kad.al\/index.php\/wp-json\/wp\/v2\/types\/product"}],"wp:featuredmedia":[{"embeddable":true,"href":"https:\/\/kad.al\/index.php\/wp-json\/wp\/v2\/media\/1981"}],"wp:attachment":[{"href":"https:\/\/kad.al\/index.php\/wp-json\/wp\/v2\/media?parent=1980"}],"wp:term":[{"taxonomy":"product_brand","embeddable":true,"href":"https:\/\/kad.al\/index.php\/wp-json\/wp\/v2\/product_brand?post=1980"},{"taxonomy":"product_cat","embeddable":true,"href":"https:\/\/kad.al\/index.php\/wp-json\/wp\/v2\/product_cat?post=1980"},{"taxonomy":"product_tag","embeddable":true,"href":"https:\/\/kad.al\/index.php\/wp-json\/wp\/v2\/product_tag?post=1980"}],"curies":[{"name":"wp","href":"https:\/\/api.w.org\/{rel}","templated":true}]}}