{"id":1957,"date":"2022-08-24T08:50:29","date_gmt":"2022-08-24T08:50:29","guid":{"rendered":"https:\/\/kad.al\/?post_type=product&#038;p=1957"},"modified":"2025-07-10T14:14:15","modified_gmt":"2025-07-10T14:14:15","slug":"apricus","status":"publish","type":"product","link":"https:\/\/kad.al\/index.php\/product\/apricus\/","title":{"rendered":"APRICUS"},"content":{"rendered":"","protected":false},"excerpt":{"rendered":"<p><strong>APRICUS<\/strong><\/p>\n<p><em><strong>Rei F. Hodo<\/strong><\/em><\/p>\n<p>ISBN 978-9928-357-62-5<\/p>\n<p>\u00c7mimi 800 Lek\u00eb<\/p>\n<p>Botimi m\u00eb i ri nga poeti Rei F. Hodo. Autori \u00ebsht\u00eb fituesi i <strong>\u00c7mimit t\u00eb Par\u00eb<\/strong> &#8211; p\u00ebr Konkursin Virtual Letrar me rastin e 90-vjetorit t\u00eb lindjes s\u00eb Drit\u00ebro Agollit.<\/p>\n<p>&nbsp;<\/p>\n","protected":false},"featured_media":1958,"template":"","meta":[],"product_brand":[],"product_cat":[24],"product_tag":[],"class_list":{"0":"post-1957","1":"product","2":"type-product","3":"status-publish","4":"has-post-thumbnail","6":"product_cat-poezi","7":"description-off","9":"first","10":"instock","11":"shipping-taxable","12":"product-type-simple"},"_links":{"self":[{"href":"https:\/\/kad.al\/index.php\/wp-json\/wp\/v2\/product\/1957","targetHints":{"allow":["GET"]}}],"collection":[{"href":"https:\/\/kad.al\/index.php\/wp-json\/wp\/v2\/product"}],"about":[{"href":"https:\/\/kad.al\/index.php\/wp-json\/wp\/v2\/types\/product"}],"wp:featuredmedia":[{"embeddable":true,"href":"https:\/\/kad.al\/index.php\/wp-json\/wp\/v2\/media\/1958"}],"wp:attachment":[{"href":"https:\/\/kad.al\/index.php\/wp-json\/wp\/v2\/media?parent=1957"}],"wp:term":[{"taxonomy":"product_brand","embeddable":true,"href":"https:\/\/kad.al\/index.php\/wp-json\/wp\/v2\/product_brand?post=1957"},{"taxonomy":"product_cat","embeddable":true,"href":"https:\/\/kad.al\/index.php\/wp-json\/wp\/v2\/product_cat?post=1957"},{"taxonomy":"product_tag","embeddable":true,"href":"https:\/\/kad.al\/index.php\/wp-json\/wp\/v2\/product_tag?post=1957"}],"curies":[{"name":"wp","href":"https:\/\/api.w.org\/{rel}","templated":true}]}}