{"id":1934,"date":"2022-08-05T09:15:35","date_gmt":"2022-08-05T09:15:35","guid":{"rendered":"https:\/\/kad.al\/?post_type=product&#038;p=1934"},"modified":"2025-07-08T06:58:31","modified_gmt":"2025-07-08T06:58:31","slug":"pranvere-brenda-vjeshtes","status":"publish","type":"product","link":"https:\/\/kad.al\/index.php\/product\/pranvere-brenda-vjeshtes\/","title":{"rendered":"PRANVER\u00cb BRENDA VJESHT\u00cbS"},"content":{"rendered":"","protected":false},"excerpt":{"rendered":"<p><strong>PRANVER\u00cb BRENDA VJESHT\u00cbS<\/strong><\/p>\n<p><strong><i>Harallamb Fandi<\/i><\/strong><\/p>\n<p>ISBN 978-9928-357-97-7<\/p>\n<p>\u00c7mimi 800 Lek\u00eb<\/p>\n<p>Libri me tregime &#8220;Pranver\u00eb brenda vjesht\u00ebs&#8221; vjen si nj\u00eb plot\u00ebsim i nj\u00eb prej d\u00ebshirave m\u00eb t\u00eb m\u00ebdha t\u00eb autorit.<\/p>\n<p>&nbsp;<\/p>\n","protected":false},"featured_media":1939,"template":"","meta":[],"product_brand":[],"product_cat":[23],"product_tag":[],"class_list":{"0":"post-1934","1":"product","2":"type-product","3":"status-publish","4":"has-post-thumbnail","6":"product_cat-romane-tregime-novela","7":"description-off","9":"first","10":"instock","11":"shipping-taxable","12":"product-type-simple"},"_links":{"self":[{"href":"https:\/\/kad.al\/index.php\/wp-json\/wp\/v2\/product\/1934","targetHints":{"allow":["GET"]}}],"collection":[{"href":"https:\/\/kad.al\/index.php\/wp-json\/wp\/v2\/product"}],"about":[{"href":"https:\/\/kad.al\/index.php\/wp-json\/wp\/v2\/types\/product"}],"wp:featuredmedia":[{"embeddable":true,"href":"https:\/\/kad.al\/index.php\/wp-json\/wp\/v2\/media\/1939"}],"wp:attachment":[{"href":"https:\/\/kad.al\/index.php\/wp-json\/wp\/v2\/media?parent=1934"}],"wp:term":[{"taxonomy":"product_brand","embeddable":true,"href":"https:\/\/kad.al\/index.php\/wp-json\/wp\/v2\/product_brand?post=1934"},{"taxonomy":"product_cat","embeddable":true,"href":"https:\/\/kad.al\/index.php\/wp-json\/wp\/v2\/product_cat?post=1934"},{"taxonomy":"product_tag","embeddable":true,"href":"https:\/\/kad.al\/index.php\/wp-json\/wp\/v2\/product_tag?post=1934"}],"curies":[{"name":"wp","href":"https:\/\/api.w.org\/{rel}","templated":true}]}}