{"id":1924,"date":"2022-08-04T13:30:41","date_gmt":"2022-08-04T13:30:41","guid":{"rendered":"https:\/\/kad.al\/?post_type=product&#038;p=1924"},"modified":"2025-07-07T08:38:02","modified_gmt":"2025-07-07T08:38:02","slug":"agjenti-me-armen-helmuese","status":"publish","type":"product","link":"https:\/\/kad.al\/index.php\/product\/agjenti-me-armen-helmuese\/","title":{"rendered":"AGJENTI ME ARM\u00cbN HELMUESE"},"content":{"rendered":"","protected":false},"excerpt":{"rendered":"<p><b>AGJENTI ME ARM\u00cbN HELMUESE<\/b><\/p>\n<p><i>Serhii Plokhy<\/i><\/p>\n<p>ISBN 978-9928\u2013357- 84 &#8211; 7<\/p>\n<p>\u00c7mimi 1300 Lek\u00eb<\/p>\n<p>P\u00ebrkthyer nga Idlir Shkurti<\/p>\n<p id=\"tw-target-text\" class=\"tw-data-text tw-text-large tw-ta\" dir=\"ltr\" data-placeholder=\"Translation\"><span class=\"Y2IQFc\" lang=\"sq\">Libri i Plokhy-t, me hulumtime t\u00eb imt\u00ebsishme, hedh drit\u00eb mbi vrasjet e vazhdueshme politike, t\u00eb kryera nga regjimi sovjetik, edhe pas vdekjes s\u00eb Stalinit, n\u00eb vendet e huaja.\u00a0<\/span><\/p>\n","protected":false},"featured_media":1927,"template":"","meta":[],"product_brand":[],"product_cat":[22],"product_tag":[],"class_list":{"0":"post-1924","1":"product","2":"type-product","3":"status-publish","4":"has-post-thumbnail","6":"product_cat-histori","7":"description-off","9":"first","10":"instock","11":"shipping-taxable","12":"product-type-simple"},"_links":{"self":[{"href":"https:\/\/kad.al\/index.php\/wp-json\/wp\/v2\/product\/1924","targetHints":{"allow":["GET"]}}],"collection":[{"href":"https:\/\/kad.al\/index.php\/wp-json\/wp\/v2\/product"}],"about":[{"href":"https:\/\/kad.al\/index.php\/wp-json\/wp\/v2\/types\/product"}],"wp:featuredmedia":[{"embeddable":true,"href":"https:\/\/kad.al\/index.php\/wp-json\/wp\/v2\/media\/1927"}],"wp:attachment":[{"href":"https:\/\/kad.al\/index.php\/wp-json\/wp\/v2\/media?parent=1924"}],"wp:term":[{"taxonomy":"product_brand","embeddable":true,"href":"https:\/\/kad.al\/index.php\/wp-json\/wp\/v2\/product_brand?post=1924"},{"taxonomy":"product_cat","embeddable":true,"href":"https:\/\/kad.al\/index.php\/wp-json\/wp\/v2\/product_cat?post=1924"},{"taxonomy":"product_tag","embeddable":true,"href":"https:\/\/kad.al\/index.php\/wp-json\/wp\/v2\/product_tag?post=1924"}],"curies":[{"name":"wp","href":"https:\/\/api.w.org\/{rel}","templated":true}]}}