{"id":1900,"date":"2022-08-04T11:18:26","date_gmt":"2022-08-04T11:18:26","guid":{"rendered":"https:\/\/kad.al\/?post_type=product&#038;p=1900"},"modified":"2025-07-05T08:45:34","modified_gmt":"2025-07-05T08:45:34","slug":"elizabeta-dhe-te-tjerat","status":"publish","type":"product","link":"https:\/\/kad.al\/index.php\/product\/elizabeta-dhe-te-tjerat\/","title":{"rendered":"ELIZABETA DHE T\u00cb TJERAT"},"content":{"rendered":"","protected":false},"excerpt":{"rendered":"<p><strong>ELIZABETA DHE T\u00cb TJERAT<\/strong><\/p>\n<p><em><strong>Eva Grippa<\/strong><\/em><\/p>\n<p>ISBN 978-9928-357-88-5<\/p>\n<p>\u00c7mimi 1400 Lek\u00eb<\/p>\n<p>372 Faqe<\/p>\n<p>Dhjet\u00eb gra p\u00ebr t\u00eb rr\u00ebfyer mbret\u00ebresh\u00ebn e v\u00ebrtet\u00eb. Elizabeta II-t\u00eb, ajo e v\u00ebrteta, e treguar n\u00ebp\u00ebrmjet figurave fem\u00ebrore m\u00eb t\u00eb af\u00ebrta me t\u00eb. Dhjet\u00eb takime &#8220;Eva p\u00ebrball\u00eb Ev\u00ebs&#8221; nga t\u00eb cilat, n\u00eb fund, del fitimtare gjithmon\u00eb ajo, e paoksidueshmja dhe e p\u00ebrhershmja: the Queen.<\/p>\n<p>&nbsp;<\/p>\n","protected":false},"featured_media":1901,"template":"","meta":[],"product_brand":[],"product_cat":[21],"product_tag":[],"class_list":{"0":"post-1900","1":"product","2":"type-product","3":"status-publish","4":"has-post-thumbnail","6":"product_cat-studime-shkencore-dhe-monografi","7":"description-off","9":"first","10":"instock","11":"shipping-taxable","12":"product-type-simple"},"_links":{"self":[{"href":"https:\/\/kad.al\/index.php\/wp-json\/wp\/v2\/product\/1900","targetHints":{"allow":["GET"]}}],"collection":[{"href":"https:\/\/kad.al\/index.php\/wp-json\/wp\/v2\/product"}],"about":[{"href":"https:\/\/kad.al\/index.php\/wp-json\/wp\/v2\/types\/product"}],"wp:featuredmedia":[{"embeddable":true,"href":"https:\/\/kad.al\/index.php\/wp-json\/wp\/v2\/media\/1901"}],"wp:attachment":[{"href":"https:\/\/kad.al\/index.php\/wp-json\/wp\/v2\/media?parent=1900"}],"wp:term":[{"taxonomy":"product_brand","embeddable":true,"href":"https:\/\/kad.al\/index.php\/wp-json\/wp\/v2\/product_brand?post=1900"},{"taxonomy":"product_cat","embeddable":true,"href":"https:\/\/kad.al\/index.php\/wp-json\/wp\/v2\/product_cat?post=1900"},{"taxonomy":"product_tag","embeddable":true,"href":"https:\/\/kad.al\/index.php\/wp-json\/wp\/v2\/product_tag?post=1900"}],"curies":[{"name":"wp","href":"https:\/\/api.w.org\/{rel}","templated":true}]}}