{"id":1885,"date":"2022-07-18T09:59:04","date_gmt":"2022-07-18T09:59:04","guid":{"rendered":"https:\/\/kad.al\/?post_type=product&#038;p=1885"},"modified":"2022-07-18T10:14:09","modified_gmt":"2022-07-18T10:14:09","slug":"mbi-varken-e-karontit","status":"publish","type":"product","link":"https:\/\/kad.al\/index.php\/product\/mbi-varken-e-karontit\/","title":{"rendered":"MBI VARK\u00cbN E KARONTIT"},"content":{"rendered":"","protected":false},"excerpt":{"rendered":"<p><strong>MBI VARK\u00cbN E KARONTIT<\/strong><\/p>\n<p><strong><em>Dine Dine<\/em><\/strong><\/p>\n<p>ISBN 978 &#8211; 9928 &#8211; 357 &#8211; 80 &#8211; 9<\/p>\n<p>\u00c7mimi 1000 Lek\u00eb \/ 8 \u20ac<\/p>\n<p>Pjesa e par\u00eb e librit \u201cMbi Vark\u00ebn e Karontit\u201d, p\u00ebrfshin tri etapa t\u00eb proceseve t\u00eb montuara t\u00eb d\u00ebnimeve politike: arrestimin, hetuesin\u00eb dhe gjykimin; pjesa e dyt\u00eb, e cila do t\u00eb p\u00ebrfshihet n\u00eb nj\u00eb tjet\u00ebr botim, p\u00ebrfshin: \u201cBurgjet\u201d.\u00a0Edhe pse me frym\u00eb p\u00ebrgjith\u00ebsuese libri mbetet realist dhe denoncues.<\/p>\n","protected":false},"featured_media":1886,"template":"","meta":[],"product_brand":[],"product_cat":[26],"product_tag":[],"class_list":{"0":"post-1885","1":"product","2":"type-product","3":"status-publish","4":"has-post-thumbnail","6":"product_cat-fjalore-albume","7":"description-off","9":"first","10":"instock","11":"shipping-taxable","12":"product-type-simple"},"_links":{"self":[{"href":"https:\/\/kad.al\/index.php\/wp-json\/wp\/v2\/product\/1885","targetHints":{"allow":["GET"]}}],"collection":[{"href":"https:\/\/kad.al\/index.php\/wp-json\/wp\/v2\/product"}],"about":[{"href":"https:\/\/kad.al\/index.php\/wp-json\/wp\/v2\/types\/product"}],"wp:featuredmedia":[{"embeddable":true,"href":"https:\/\/kad.al\/index.php\/wp-json\/wp\/v2\/media\/1886"}],"wp:attachment":[{"href":"https:\/\/kad.al\/index.php\/wp-json\/wp\/v2\/media?parent=1885"}],"wp:term":[{"taxonomy":"product_brand","embeddable":true,"href":"https:\/\/kad.al\/index.php\/wp-json\/wp\/v2\/product_brand?post=1885"},{"taxonomy":"product_cat","embeddable":true,"href":"https:\/\/kad.al\/index.php\/wp-json\/wp\/v2\/product_cat?post=1885"},{"taxonomy":"product_tag","embeddable":true,"href":"https:\/\/kad.al\/index.php\/wp-json\/wp\/v2\/product_tag?post=1885"}],"curies":[{"name":"wp","href":"https:\/\/api.w.org\/{rel}","templated":true}]}}