{"id":1875,"date":"2022-07-12T11:29:09","date_gmt":"2022-07-12T11:29:09","guid":{"rendered":"https:\/\/kad.al\/?post_type=product&#038;p=1875"},"modified":"2025-07-05T08:23:23","modified_gmt":"2025-07-05T08:23:23","slug":"22-martiret-e-26-shkurtit-1951","status":"publish","type":"product","link":"https:\/\/kad.al\/index.php\/product\/22-martiret-e-26-shkurtit-1951\/","title":{"rendered":"22 MARTIR\u00cbT E 26 SHKURTIT 1951"},"content":{"rendered":"","protected":false},"excerpt":{"rendered":"<div class=\"woocommerce-product-details__short-description\">\n<p><strong>22 MARTIR\u00cbT E 26 SHKURTIT 1951<\/strong><\/p>\n<p><em>Osman Jonuz Kaceli<\/em><\/p>\n<p>ISBN 978-9928 -357-60-1<\/p>\n<p>\u00c7mimi 1000 Lek\u00eb<\/p>\n<p>Libri \u00ebsht\u00eb shkruar n\u00eb nderim t\u00eb 22 martir\u00ebve t\u00eb 26 shkurtit 1951, ngjarje e ndodhur pas vendosjes s\u00eb bomb\u00ebs n\u00eb legat\u00ebn Sovjetike.<\/p>\n<\/div>\n","protected":false},"featured_media":1876,"template":"","meta":[],"product_brand":[],"product_cat":[21],"product_tag":[],"class_list":{"0":"post-1875","1":"product","2":"type-product","3":"status-publish","4":"has-post-thumbnail","6":"product_cat-studime-shkencore-dhe-monografi","7":"description-off","9":"first","10":"instock","11":"shipping-taxable","12":"product-type-simple"},"_links":{"self":[{"href":"https:\/\/kad.al\/index.php\/wp-json\/wp\/v2\/product\/1875","targetHints":{"allow":["GET"]}}],"collection":[{"href":"https:\/\/kad.al\/index.php\/wp-json\/wp\/v2\/product"}],"about":[{"href":"https:\/\/kad.al\/index.php\/wp-json\/wp\/v2\/types\/product"}],"wp:featuredmedia":[{"embeddable":true,"href":"https:\/\/kad.al\/index.php\/wp-json\/wp\/v2\/media\/1876"}],"wp:attachment":[{"href":"https:\/\/kad.al\/index.php\/wp-json\/wp\/v2\/media?parent=1875"}],"wp:term":[{"taxonomy":"product_brand","embeddable":true,"href":"https:\/\/kad.al\/index.php\/wp-json\/wp\/v2\/product_brand?post=1875"},{"taxonomy":"product_cat","embeddable":true,"href":"https:\/\/kad.al\/index.php\/wp-json\/wp\/v2\/product_cat?post=1875"},{"taxonomy":"product_tag","embeddable":true,"href":"https:\/\/kad.al\/index.php\/wp-json\/wp\/v2\/product_tag?post=1875"}],"curies":[{"name":"wp","href":"https:\/\/api.w.org\/{rel}","templated":true}]}}