{"id":1858,"date":"2022-07-08T10:44:32","date_gmt":"2022-07-08T10:44:32","guid":{"rendered":"https:\/\/kad.al\/?post_type=product&#038;p=1858"},"modified":"2025-07-10T13:51:55","modified_gmt":"2025-07-10T13:51:55","slug":"1858","status":"publish","type":"product","link":"https:\/\/kad.al\/index.php\/product\/1858\/","title":{"rendered":""},"content":{"rendered":"","protected":false},"excerpt":{"rendered":"<p><strong>MIKU IM \u00cbSHT\u00cb NJ\u00cb ZOG<\/strong><\/p>\n<p><em><strong>Julia Gjika<\/strong><\/em><\/p>\n<p>ISBN 978-9928-357-82-3<\/p>\n<p>\u00c7mimi 15 $<\/p>\n<p>N\u00eb librin m\u00eb t\u00eb ri &#8221;Miku im \u00ebsht\u00eb nj\u00eb zog&#8221; autorja ka p\u00ebrmbledhur shumic\u00ebn e krijimeve m\u00eb t\u00eb mira n\u00eb poezi shkruar deri n\u00eb prill t\u00eb vitit 2022.<\/p>\n<p>&nbsp;<\/p>\n","protected":false},"featured_media":1869,"template":"","meta":[],"product_brand":[],"product_cat":[24],"product_tag":[],"class_list":{"0":"post-1858","1":"product","2":"type-product","3":"status-publish","4":"has-post-thumbnail","6":"product_cat-poezi","7":"description-off","9":"first","10":"instock","11":"shipping-taxable","12":"product-type-simple"},"_links":{"self":[{"href":"https:\/\/kad.al\/index.php\/wp-json\/wp\/v2\/product\/1858","targetHints":{"allow":["GET"]}}],"collection":[{"href":"https:\/\/kad.al\/index.php\/wp-json\/wp\/v2\/product"}],"about":[{"href":"https:\/\/kad.al\/index.php\/wp-json\/wp\/v2\/types\/product"}],"wp:featuredmedia":[{"embeddable":true,"href":"https:\/\/kad.al\/index.php\/wp-json\/wp\/v2\/media\/1869"}],"wp:attachment":[{"href":"https:\/\/kad.al\/index.php\/wp-json\/wp\/v2\/media?parent=1858"}],"wp:term":[{"taxonomy":"product_brand","embeddable":true,"href":"https:\/\/kad.al\/index.php\/wp-json\/wp\/v2\/product_brand?post=1858"},{"taxonomy":"product_cat","embeddable":true,"href":"https:\/\/kad.al\/index.php\/wp-json\/wp\/v2\/product_cat?post=1858"},{"taxonomy":"product_tag","embeddable":true,"href":"https:\/\/kad.al\/index.php\/wp-json\/wp\/v2\/product_tag?post=1858"}],"curies":[{"name":"wp","href":"https:\/\/api.w.org\/{rel}","templated":true}]}}