{"id":1844,"date":"2022-07-08T09:55:58","date_gmt":"2022-07-08T09:55:58","guid":{"rendered":"https:\/\/kad.al\/?post_type=product&#038;p=1844"},"modified":"2022-07-08T10:03:32","modified_gmt":"2022-07-08T10:03:32","slug":"ndjesia-e-aromave","status":"publish","type":"product","link":"https:\/\/kad.al\/index.php\/product\/ndjesia-e-aromave\/","title":{"rendered":"NDJESIA E AROMAVE"},"content":{"rendered":"","protected":false},"excerpt":{"rendered":"<p><strong>NDJESIA E AROMAVE<\/strong><\/p>\n<p><strong><em>Arjola Kondak\u00e7iu<\/em><\/strong><\/p>\n<p>ISBN\u00a0978-9928-357-77-9<\/p>\n<p>\u00c7mimi 800 Lek\u00eb \/ 7 \u20ac<\/p>\n<p>Libri i ri \u201cNdjesia e aromave\u201d i poetes dhe gazetares Arjola Kondak\u00e7iu, \u00ebsht\u00eb nj\u00eb prurje e ndjer\u00eb analitike ku p\u00ebrfshihen: re\u00e7ensione p\u00ebr v\u00ebllimet me zhanre t\u00eb ndryshme letrare, botime historiko &#8211; arkeologjike, arte figurative dhe nj\u00eb mozaik me proz\u00eb t\u00eb shkurt\u00ebr.<\/p>\n","protected":false},"featured_media":1851,"template":"","meta":[],"product_brand":[],"product_cat":[26],"product_tag":[],"class_list":{"0":"post-1844","1":"product","2":"type-product","3":"status-publish","4":"has-post-thumbnail","6":"product_cat-fjalore-albume","7":"description-off","9":"first","10":"instock","11":"shipping-taxable","12":"product-type-simple"},"_links":{"self":[{"href":"https:\/\/kad.al\/index.php\/wp-json\/wp\/v2\/product\/1844","targetHints":{"allow":["GET"]}}],"collection":[{"href":"https:\/\/kad.al\/index.php\/wp-json\/wp\/v2\/product"}],"about":[{"href":"https:\/\/kad.al\/index.php\/wp-json\/wp\/v2\/types\/product"}],"wp:featuredmedia":[{"embeddable":true,"href":"https:\/\/kad.al\/index.php\/wp-json\/wp\/v2\/media\/1851"}],"wp:attachment":[{"href":"https:\/\/kad.al\/index.php\/wp-json\/wp\/v2\/media?parent=1844"}],"wp:term":[{"taxonomy":"product_brand","embeddable":true,"href":"https:\/\/kad.al\/index.php\/wp-json\/wp\/v2\/product_brand?post=1844"},{"taxonomy":"product_cat","embeddable":true,"href":"https:\/\/kad.al\/index.php\/wp-json\/wp\/v2\/product_cat?post=1844"},{"taxonomy":"product_tag","embeddable":true,"href":"https:\/\/kad.al\/index.php\/wp-json\/wp\/v2\/product_tag?post=1844"}],"curies":[{"name":"wp","href":"https:\/\/api.w.org\/{rel}","templated":true}]}}