{"id":1830,"date":"2022-06-28T06:33:24","date_gmt":"2022-06-28T06:33:24","guid":{"rendered":"https:\/\/kad.al\/?post_type=product&#038;p=1830"},"modified":"2025-07-07T09:00:48","modified_gmt":"2025-07-07T09:00:48","slug":"perandoria-e-fundit","status":"publish","type":"product","link":"https:\/\/kad.al\/index.php\/product\/perandoria-e-fundit\/","title":{"rendered":"PERANDORIA E FUNDIT"},"content":{"rendered":"","protected":false},"excerpt":{"rendered":"<p><strong>PERANDORIA E FUNDIT<\/strong><\/p>\n<p>Serhii Plokhy<\/p>\n<p>ISBN 978-9928-357-51-9<\/p>\n<p>Faqe 458<\/p>\n<p>\u00c7mimi 1500 Lek\u00eb<\/p>\n<p>Libri flet p\u00ebr nj\u00eb nga ngjarjet m\u00eb t\u00eb r\u00ebnd\u00ebsishme bot\u00ebrore, shp\u00ebrb\u00ebrjen e Bashkimit Sovjetik. Libri shoq\u00ebrohet dhe me fotografi t\u00eb koh\u00ebs.<\/p>\n","protected":false},"featured_media":1831,"template":"","meta":[],"product_brand":[],"product_cat":[22],"product_tag":[],"class_list":{"0":"post-1830","1":"product","2":"type-product","3":"status-publish","4":"has-post-thumbnail","6":"product_cat-histori","7":"description-off","9":"first","10":"instock","11":"shipping-taxable","12":"product-type-simple"},"_links":{"self":[{"href":"https:\/\/kad.al\/index.php\/wp-json\/wp\/v2\/product\/1830","targetHints":{"allow":["GET"]}}],"collection":[{"href":"https:\/\/kad.al\/index.php\/wp-json\/wp\/v2\/product"}],"about":[{"href":"https:\/\/kad.al\/index.php\/wp-json\/wp\/v2\/types\/product"}],"wp:featuredmedia":[{"embeddable":true,"href":"https:\/\/kad.al\/index.php\/wp-json\/wp\/v2\/media\/1831"}],"wp:attachment":[{"href":"https:\/\/kad.al\/index.php\/wp-json\/wp\/v2\/media?parent=1830"}],"wp:term":[{"taxonomy":"product_brand","embeddable":true,"href":"https:\/\/kad.al\/index.php\/wp-json\/wp\/v2\/product_brand?post=1830"},{"taxonomy":"product_cat","embeddable":true,"href":"https:\/\/kad.al\/index.php\/wp-json\/wp\/v2\/product_cat?post=1830"},{"taxonomy":"product_tag","embeddable":true,"href":"https:\/\/kad.al\/index.php\/wp-json\/wp\/v2\/product_tag?post=1830"}],"curies":[{"name":"wp","href":"https:\/\/api.w.org\/{rel}","templated":true}]}}