{"id":1809,"date":"2022-03-23T14:07:39","date_gmt":"2022-03-23T14:07:39","guid":{"rendered":"https:\/\/kad.al\/?post_type=product&#038;p=1809"},"modified":"2025-07-10T14:11:59","modified_gmt":"2025-07-10T14:11:59","slug":"antologji-e-poezise-perse","status":"publish","type":"product","link":"https:\/\/kad.al\/index.php\/product\/antologji-e-poezise-perse\/","title":{"rendered":"ANTOLOGJI E POEZIS\u00cb PERSE"},"content":{"rendered":"","protected":false},"excerpt":{"rendered":"<p><b>ANTOLOGJI E POEZIS\u00cb PERSE<\/b><\/p>\n<p>ISBN 978-9928-357-64-9<\/p>\n<p>\u00c7mimi 1000 Lek\u00eb<\/p>\n<p>Libri p\u00ebrmban poezi t\u00eb autor\u00ebve pers\u00eb q\u00eb nga mesjeta e von\u00eb deri n\u00eb dit\u00ebt tona.<\/p>\n<p>P\u00ebrkthyer nga Maksim Rakipaj dhe Perikli Jorgoni<\/p>\n","protected":false},"featured_media":1812,"template":"","meta":[],"product_brand":[],"product_cat":[24],"product_tag":[],"class_list":{"0":"post-1809","1":"product","2":"type-product","3":"status-publish","4":"has-post-thumbnail","6":"product_cat-poezi","7":"description-off","9":"first","10":"instock","11":"shipping-taxable","12":"product-type-simple"},"_links":{"self":[{"href":"https:\/\/kad.al\/index.php\/wp-json\/wp\/v2\/product\/1809","targetHints":{"allow":["GET"]}}],"collection":[{"href":"https:\/\/kad.al\/index.php\/wp-json\/wp\/v2\/product"}],"about":[{"href":"https:\/\/kad.al\/index.php\/wp-json\/wp\/v2\/types\/product"}],"wp:featuredmedia":[{"embeddable":true,"href":"https:\/\/kad.al\/index.php\/wp-json\/wp\/v2\/media\/1812"}],"wp:attachment":[{"href":"https:\/\/kad.al\/index.php\/wp-json\/wp\/v2\/media?parent=1809"}],"wp:term":[{"taxonomy":"product_brand","embeddable":true,"href":"https:\/\/kad.al\/index.php\/wp-json\/wp\/v2\/product_brand?post=1809"},{"taxonomy":"product_cat","embeddable":true,"href":"https:\/\/kad.al\/index.php\/wp-json\/wp\/v2\/product_cat?post=1809"},{"taxonomy":"product_tag","embeddable":true,"href":"https:\/\/kad.al\/index.php\/wp-json\/wp\/v2\/product_tag?post=1809"}],"curies":[{"name":"wp","href":"https:\/\/api.w.org\/{rel}","templated":true}]}}