{"id":1794,"date":"2022-02-05T12:42:13","date_gmt":"2022-02-05T12:42:13","guid":{"rendered":"https:\/\/kad.al\/?post_type=product&#038;p=1794"},"modified":"2022-03-23T12:14:43","modified_gmt":"2022-03-23T12:14:43","slug":"si-nisi-kush-jemi-dhe-ku-duam-te-mberrijme","status":"publish","type":"product","link":"https:\/\/kad.al\/index.php\/product\/si-nisi-kush-jemi-dhe-ku-duam-te-mberrijme\/","title":{"rendered":"SI NISI, KUSH JEMI DHE KU DUAM T\u00cb MB\u00cbRRIJM\u00cb?"},"content":{"rendered":"","protected":false},"excerpt":{"rendered":"<p><strong>SI NISI, KUSH JEMI DHE KU DUAM T\u00cb MB\u00cbRRIJM\u00cb?<\/strong><\/p>\n<p><strong><em>Grup autor\u00ebsh<\/em><\/strong><\/p>\n<p>ISBN 978-9928-357-56-4<\/p>\n<p>Botimi flet p\u00ebr veprimtarin\u00eb e River Cleanup Albania e cila ka nd\u00ebrmarr\u00eb nj\u00eb seri aksionesh p\u00ebr pastrimin e territorit nga mbetjet, me nj\u00eb p\u00ebrq\u00ebndrim t\u00eb ve\u00e7ant\u00eb n\u00eb Lumin e Ishmit, nj\u00eb nga m\u00eb t\u00eb ndoturit n\u00eb Europ\u00eb.<br \/>\nNism\u00ebs i jan\u00eb bashkuar Pedagog\u00eb, student\u00eb dhe gjimnazist\u00eb.<\/p>\n","protected":false},"featured_media":1795,"template":"","meta":[],"product_brand":[],"product_cat":[26],"product_tag":[],"class_list":{"0":"post-1794","1":"product","2":"type-product","3":"status-publish","4":"has-post-thumbnail","6":"product_cat-fjalore-albume","7":"description-off","9":"first","10":"instock","11":"shipping-taxable","12":"product-type-simple"},"_links":{"self":[{"href":"https:\/\/kad.al\/index.php\/wp-json\/wp\/v2\/product\/1794","targetHints":{"allow":["GET"]}}],"collection":[{"href":"https:\/\/kad.al\/index.php\/wp-json\/wp\/v2\/product"}],"about":[{"href":"https:\/\/kad.al\/index.php\/wp-json\/wp\/v2\/types\/product"}],"wp:featuredmedia":[{"embeddable":true,"href":"https:\/\/kad.al\/index.php\/wp-json\/wp\/v2\/media\/1795"}],"wp:attachment":[{"href":"https:\/\/kad.al\/index.php\/wp-json\/wp\/v2\/media?parent=1794"}],"wp:term":[{"taxonomy":"product_brand","embeddable":true,"href":"https:\/\/kad.al\/index.php\/wp-json\/wp\/v2\/product_brand?post=1794"},{"taxonomy":"product_cat","embeddable":true,"href":"https:\/\/kad.al\/index.php\/wp-json\/wp\/v2\/product_cat?post=1794"},{"taxonomy":"product_tag","embeddable":true,"href":"https:\/\/kad.al\/index.php\/wp-json\/wp\/v2\/product_tag?post=1794"}],"curies":[{"name":"wp","href":"https:\/\/api.w.org\/{rel}","templated":true}]}}