{"id":1777,"date":"2022-01-24T13:29:30","date_gmt":"2022-01-24T13:29:30","guid":{"rendered":"https:\/\/kad.al\/?post_type=product&#038;p=1777"},"modified":"2025-07-05T09:43:08","modified_gmt":"2025-07-05T09:43:08","slug":"studime","status":"publish","type":"product","link":"https:\/\/kad.al\/index.php\/product\/studime\/","title":{"rendered":"STUDIME"},"content":{"rendered":"","protected":false},"excerpt":{"rendered":"<p><strong>STUDIME<\/strong><\/p>\n<p><em><strong>Laz\u00ebr Radi<\/strong><\/em><\/p>\n<p>ISBN 978-9928-357-39-7<\/p>\n<p>\u00c7mimi 1000 Lek\u00eb<\/p>\n<p>Dy studimet e paraqitura n\u00eb k\u00ebt\u00eb vep\u00ebr, jan\u00eb\u00a0\u00a0\u201cMendimi i nj\u00eb intelektuali serb, p\u00ebr Shqip\u00ebrin\u00eb e para Pavarsis\u00eb\u201d, nd\u00ebrsa studimi tjet\u00ebr, \u201cFlasim p\u00ebr Kushtetut\u00ebn\u201d\u00a0i realizuar gjat\u00eb vitit 1994.<\/p>\n","protected":false},"featured_media":1785,"template":"","meta":[],"product_brand":[],"product_cat":[21],"product_tag":[],"class_list":{"0":"post-1777","1":"product","2":"type-product","3":"status-publish","4":"has-post-thumbnail","6":"product_cat-studime-shkencore-dhe-monografi","7":"description-off","9":"first","10":"instock","11":"shipping-taxable","12":"product-type-simple"},"_links":{"self":[{"href":"https:\/\/kad.al\/index.php\/wp-json\/wp\/v2\/product\/1777","targetHints":{"allow":["GET"]}}],"collection":[{"href":"https:\/\/kad.al\/index.php\/wp-json\/wp\/v2\/product"}],"about":[{"href":"https:\/\/kad.al\/index.php\/wp-json\/wp\/v2\/types\/product"}],"wp:featuredmedia":[{"embeddable":true,"href":"https:\/\/kad.al\/index.php\/wp-json\/wp\/v2\/media\/1785"}],"wp:attachment":[{"href":"https:\/\/kad.al\/index.php\/wp-json\/wp\/v2\/media?parent=1777"}],"wp:term":[{"taxonomy":"product_brand","embeddable":true,"href":"https:\/\/kad.al\/index.php\/wp-json\/wp\/v2\/product_brand?post=1777"},{"taxonomy":"product_cat","embeddable":true,"href":"https:\/\/kad.al\/index.php\/wp-json\/wp\/v2\/product_cat?post=1777"},{"taxonomy":"product_tag","embeddable":true,"href":"https:\/\/kad.al\/index.php\/wp-json\/wp\/v2\/product_tag?post=1777"}],"curies":[{"name":"wp","href":"https:\/\/api.w.org\/{rel}","templated":true}]}}