{"id":1770,"date":"2022-01-24T13:07:46","date_gmt":"2022-01-24T13:07:46","guid":{"rendered":"https:\/\/kad.al\/?post_type=product&#038;p=1770"},"modified":"2025-07-05T08:44:49","modified_gmt":"2025-07-05T08:44:49","slug":"dy-monografi","status":"publish","type":"product","link":"https:\/\/kad.al\/index.php\/product\/dy-monografi\/","title":{"rendered":"DY MONOGRAFI"},"content":{"rendered":"","protected":false},"excerpt":{"rendered":"<p><strong>DY MONOGRAFI <\/strong><\/p>\n<p><em><strong>Laz\u00ebr Radi<\/strong><\/em><\/p>\n<p>ISBN 978-9928-357-33-5<\/p>\n<p>\u00c7mimi 1400 Lek\u00eb<\/p>\n<p>416 Faqe<\/p>\n<p>Pjesa e par\u00eb e librit\u00a0 i \u00ebsht\u00eb kushtuar Familjes s\u00eb Dineve t\u00eb Maqellar\u00ebs dhe historis\u00eb s\u00eb tyre.\u00a0Pjesa e dyt\u00eb, i kushtohet luft\u00ebtarit kosovar, Taf Pervizi.<\/p>\n","protected":false},"featured_media":1771,"template":"","meta":[],"product_brand":[],"product_cat":[21],"product_tag":[],"class_list":{"0":"post-1770","1":"product","2":"type-product","3":"status-publish","4":"has-post-thumbnail","6":"product_cat-studime-shkencore-dhe-monografi","7":"description-off","9":"first","10":"instock","11":"shipping-taxable","12":"product-type-simple"},"_links":{"self":[{"href":"https:\/\/kad.al\/index.php\/wp-json\/wp\/v2\/product\/1770","targetHints":{"allow":["GET"]}}],"collection":[{"href":"https:\/\/kad.al\/index.php\/wp-json\/wp\/v2\/product"}],"about":[{"href":"https:\/\/kad.al\/index.php\/wp-json\/wp\/v2\/types\/product"}],"wp:featuredmedia":[{"embeddable":true,"href":"https:\/\/kad.al\/index.php\/wp-json\/wp\/v2\/media\/1771"}],"wp:attachment":[{"href":"https:\/\/kad.al\/index.php\/wp-json\/wp\/v2\/media?parent=1770"}],"wp:term":[{"taxonomy":"product_brand","embeddable":true,"href":"https:\/\/kad.al\/index.php\/wp-json\/wp\/v2\/product_brand?post=1770"},{"taxonomy":"product_cat","embeddable":true,"href":"https:\/\/kad.al\/index.php\/wp-json\/wp\/v2\/product_cat?post=1770"},{"taxonomy":"product_tag","embeddable":true,"href":"https:\/\/kad.al\/index.php\/wp-json\/wp\/v2\/product_tag?post=1770"}],"curies":[{"name":"wp","href":"https:\/\/api.w.org\/{rel}","templated":true}]}}