{"id":1765,"date":"2022-01-24T12:56:42","date_gmt":"2022-01-24T12:56:42","guid":{"rendered":"https:\/\/kad.al\/?post_type=product&#038;p=1765"},"modified":"2022-01-24T13:02:15","modified_gmt":"2022-01-24T13:02:15","slug":"publicistika-vitet-90","status":"publish","type":"product","link":"https:\/\/kad.al\/index.php\/product\/publicistika-vitet-90\/","title":{"rendered":"PUBLICISTIKA VITET \u201890"},"content":{"rendered":"","protected":false},"excerpt":{"rendered":"<p><strong>PUBLICISTIKA VITET \u201890<\/strong><\/p>\n<p><strong><em>Laz\u00ebr Radi<\/em><\/strong><\/p>\n<p>ISBN 978 &#8211; 9928 &#8211; 357 &#8211; 31 &#8211; 1<\/p>\n<p>\u00c7mimi 1500 Lek\u00eb \/ 12 \u20ac<\/p>\n<p>Libri p\u00ebrmban publicistik\u00ebn e shkruar nga Laz\u00ebr Radi pas viteve &#8217;90.<\/p>\n","protected":false},"featured_media":1766,"template":"","meta":[],"product_brand":[],"product_cat":[26],"product_tag":[],"class_list":{"0":"post-1765","1":"product","2":"type-product","3":"status-publish","4":"has-post-thumbnail","6":"product_cat-fjalore-albume","7":"description-off","9":"first","10":"instock","11":"shipping-taxable","12":"product-type-simple"},"_links":{"self":[{"href":"https:\/\/kad.al\/index.php\/wp-json\/wp\/v2\/product\/1765","targetHints":{"allow":["GET"]}}],"collection":[{"href":"https:\/\/kad.al\/index.php\/wp-json\/wp\/v2\/product"}],"about":[{"href":"https:\/\/kad.al\/index.php\/wp-json\/wp\/v2\/types\/product"}],"wp:featuredmedia":[{"embeddable":true,"href":"https:\/\/kad.al\/index.php\/wp-json\/wp\/v2\/media\/1766"}],"wp:attachment":[{"href":"https:\/\/kad.al\/index.php\/wp-json\/wp\/v2\/media?parent=1765"}],"wp:term":[{"taxonomy":"product_brand","embeddable":true,"href":"https:\/\/kad.al\/index.php\/wp-json\/wp\/v2\/product_brand?post=1765"},{"taxonomy":"product_cat","embeddable":true,"href":"https:\/\/kad.al\/index.php\/wp-json\/wp\/v2\/product_cat?post=1765"},{"taxonomy":"product_tag","embeddable":true,"href":"https:\/\/kad.al\/index.php\/wp-json\/wp\/v2\/product_tag?post=1765"}],"curies":[{"name":"wp","href":"https:\/\/api.w.org\/{rel}","templated":true}]}}