{"id":1764,"date":"2022-01-21T13:01:20","date_gmt":"2022-01-21T13:01:20","guid":{"rendered":"https:\/\/kad.al\/?post_type=product&#038;p=1764"},"modified":"2022-01-21T13:05:35","modified_gmt":"2022-01-21T13:05:35","slug":"publicistika-vitet-30-40","status":"publish","type":"product","link":"https:\/\/kad.al\/index.php\/product\/publicistika-vitet-30-40\/","title":{"rendered":"PUBLICISTIKA  VITET \u201830 &#8211; \u201840"},"content":{"rendered":"","protected":false},"excerpt":{"rendered":"<p><strong>PUBLICISTIKA VITET \u201830 &#8211; \u201840 <\/strong><\/p>\n<p><strong><em>Laz\u00ebr Radi<\/em><\/strong><\/p>\n<p>ISBN 978 &#8211; 9928 &#8211; 357 &#8211; 15 &#8211; 1<\/p>\n<p>\u00c7mimi 1200 Lek\u00eb \/ 10 \u20ac<\/p>\n<p>Libri p\u00ebrmban publicistik\u00ebn e shkruar nga Laz\u00ebr Radi p\u00ebrgjat\u00eb viteve 30&#8242;-&#8217;40<\/p>\n","protected":false},"featured_media":1763,"template":"","meta":[],"product_brand":[],"product_cat":[26],"product_tag":[],"class_list":{"0":"post-1764","1":"product","2":"type-product","3":"status-publish","4":"has-post-thumbnail","6":"product_cat-fjalore-albume","7":"description-off","9":"first","10":"instock","11":"shipping-taxable","12":"product-type-simple"},"_links":{"self":[{"href":"https:\/\/kad.al\/index.php\/wp-json\/wp\/v2\/product\/1764","targetHints":{"allow":["GET"]}}],"collection":[{"href":"https:\/\/kad.al\/index.php\/wp-json\/wp\/v2\/product"}],"about":[{"href":"https:\/\/kad.al\/index.php\/wp-json\/wp\/v2\/types\/product"}],"wp:featuredmedia":[{"embeddable":true,"href":"https:\/\/kad.al\/index.php\/wp-json\/wp\/v2\/media\/1763"}],"wp:attachment":[{"href":"https:\/\/kad.al\/index.php\/wp-json\/wp\/v2\/media?parent=1764"}],"wp:term":[{"taxonomy":"product_brand","embeddable":true,"href":"https:\/\/kad.al\/index.php\/wp-json\/wp\/v2\/product_brand?post=1764"},{"taxonomy":"product_cat","embeddable":true,"href":"https:\/\/kad.al\/index.php\/wp-json\/wp\/v2\/product_cat?post=1764"},{"taxonomy":"product_tag","embeddable":true,"href":"https:\/\/kad.al\/index.php\/wp-json\/wp\/v2\/product_tag?post=1764"}],"curies":[{"name":"wp","href":"https:\/\/api.w.org\/{rel}","templated":true}]}}