{"id":1725,"date":"2022-01-14T13:42:48","date_gmt":"2022-01-14T13:42:48","guid":{"rendered":"https:\/\/kad.al\/?post_type=product&#038;p=1725"},"modified":"2025-07-05T09:28:08","modified_gmt":"2025-07-05T09:28:08","slug":"y","status":"publish","type":"product","link":"https:\/\/kad.al\/index.php\/product\/y\/","title":{"rendered":"MODERNIZMI DHE POSTMODERNIZMI N\u00cb LET\u00cbRSI"},"content":{"rendered":"","protected":false},"excerpt":{"rendered":"<p><strong>MODERNIZMI DHE POSTMODERNIZMI N\u00cb LET\u00cbRSI<\/strong><\/p>\n<p><em><strong>Gazmen Krasniqi<\/strong><\/em><\/p>\n<p>ISBN 978-9928-357-42-7<\/p>\n<p>\u00c7mimi 1200 Lek\u00eb<\/p>\n<p>258 Faqe<\/p>\n<p>Profesor Krasniqi n\u00eb botimin e tij i jep p\u00ebrgjigje disa pyetjeve thelb\u00ebsore si:<br \/>\n&#8211; A e p\u00ebrdorim drejt terminologjin\u00eb letrare n\u00eb p\u00ebrgjith\u00ebsi, apo vazhdojn\u00eb t\u00eb na karakterizojn\u00eb ngarkesat historiciste kur flasim p\u00ebr let\u00ebrsin\u00eb?<br \/>\n&#8211; A i p\u00ebrdorim drejt termat \u201clet\u00ebrsi moderne, let\u00ebrsi moderniste, let\u00ebrsi postmoderniste apo modernitet estetik\u201d?<br \/>\n&#8211; A kemi kuptim t\u00eb drejt\u00eb p\u00ebr l\u00ebvizjet avangarde? Cila qe natyra e tyre kur ato iu bashk\u00ebngjit\u00ebn modernizmit dhe cila \u00ebsht\u00eb sot n\u00eb postmoderniz\u00ebm?<\/p>\n<p>&nbsp;<\/p>\n<p>&nbsp;<\/p>\n","protected":false},"featured_media":1726,"template":"","meta":[],"product_brand":[],"product_cat":[21],"product_tag":[],"class_list":{"0":"post-1725","1":"product","2":"type-product","3":"status-publish","4":"has-post-thumbnail","6":"product_cat-studime-shkencore-dhe-monografi","7":"description-off","9":"first","10":"instock","11":"shipping-taxable","12":"product-type-simple"},"_links":{"self":[{"href":"https:\/\/kad.al\/index.php\/wp-json\/wp\/v2\/product\/1725","targetHints":{"allow":["GET"]}}],"collection":[{"href":"https:\/\/kad.al\/index.php\/wp-json\/wp\/v2\/product"}],"about":[{"href":"https:\/\/kad.al\/index.php\/wp-json\/wp\/v2\/types\/product"}],"wp:featuredmedia":[{"embeddable":true,"href":"https:\/\/kad.al\/index.php\/wp-json\/wp\/v2\/media\/1726"}],"wp:attachment":[{"href":"https:\/\/kad.al\/index.php\/wp-json\/wp\/v2\/media?parent=1725"}],"wp:term":[{"taxonomy":"product_brand","embeddable":true,"href":"https:\/\/kad.al\/index.php\/wp-json\/wp\/v2\/product_brand?post=1725"},{"taxonomy":"product_cat","embeddable":true,"href":"https:\/\/kad.al\/index.php\/wp-json\/wp\/v2\/product_cat?post=1725"},{"taxonomy":"product_tag","embeddable":true,"href":"https:\/\/kad.al\/index.php\/wp-json\/wp\/v2\/product_tag?post=1725"}],"curies":[{"name":"wp","href":"https:\/\/api.w.org\/{rel}","templated":true}]}}