{"id":1718,"date":"2022-01-11T13:31:18","date_gmt":"2022-01-11T13:31:18","guid":{"rendered":"https:\/\/kad.al\/?post_type=product&#038;p=1718"},"modified":"2025-07-07T08:45:10","modified_gmt":"2025-07-07T08:45:10","slug":"chernobyl","status":"publish","type":"product","link":"https:\/\/kad.al\/index.php\/product\/chernobyl\/","title":{"rendered":"CHERNOBYL"},"content":{"rendered":"","protected":false},"excerpt":{"rendered":"<p><b>CHERNOBYL<\/b><\/p>\n<p><i>Serhii Plokhy<\/i><\/p>\n<p>ISBN 978-9928\u2013357- 24 \u2013 3<\/p>\n<p>\u00c7mimi 1500 Lek\u00eb<\/p>\n<p>P\u00ebrkthyer nga Maksim Rakipaj<\/p>\n<p id=\"tw-target-text\" class=\"tw-data-text tw-text-large tw-ta\" dir=\"ltr\" data-placeholder=\"Translation\"><span class=\"Y2IQFc\" lang=\"sq\">Serhii Plokhy ka sh\u00ebrbyer si drejtor i institutit t\u00eb k\u00ebrkimit p\u00ebr Ukrain\u00ebn n\u00eb Harvard dhe si profesor i historis\u00eb s\u00eb Ukrain\u00ebs. \u00c7ernobil \u00ebsht\u00eb nj\u00eb nga veprat e tij m\u00eb t\u00eb mira. Historia e nj\u00eb katastrofe b\u00ebrthamore.<\/span><\/p>\n","protected":false},"featured_media":1716,"template":"","meta":[],"product_brand":[],"product_cat":[22],"product_tag":[],"class_list":{"0":"post-1718","1":"product","2":"type-product","3":"status-publish","4":"has-post-thumbnail","6":"product_cat-histori","7":"description-off","9":"first","10":"instock","11":"shipping-taxable","12":"product-type-simple"},"_links":{"self":[{"href":"https:\/\/kad.al\/index.php\/wp-json\/wp\/v2\/product\/1718","targetHints":{"allow":["GET"]}}],"collection":[{"href":"https:\/\/kad.al\/index.php\/wp-json\/wp\/v2\/product"}],"about":[{"href":"https:\/\/kad.al\/index.php\/wp-json\/wp\/v2\/types\/product"}],"wp:featuredmedia":[{"embeddable":true,"href":"https:\/\/kad.al\/index.php\/wp-json\/wp\/v2\/media\/1716"}],"wp:attachment":[{"href":"https:\/\/kad.al\/index.php\/wp-json\/wp\/v2\/media?parent=1718"}],"wp:term":[{"taxonomy":"product_brand","embeddable":true,"href":"https:\/\/kad.al\/index.php\/wp-json\/wp\/v2\/product_brand?post=1718"},{"taxonomy":"product_cat","embeddable":true,"href":"https:\/\/kad.al\/index.php\/wp-json\/wp\/v2\/product_cat?post=1718"},{"taxonomy":"product_tag","embeddable":true,"href":"https:\/\/kad.al\/index.php\/wp-json\/wp\/v2\/product_tag?post=1718"}],"curies":[{"name":"wp","href":"https:\/\/api.w.org\/{rel}","templated":true}]}}