{"id":1702,"date":"2022-01-11T10:13:47","date_gmt":"2022-01-11T10:13:47","guid":{"rendered":"https:\/\/kad.al\/?post_type=product&#038;p=1702"},"modified":"2025-07-08T07:07:04","modified_gmt":"2025-07-08T07:07:04","slug":"vepra-letrare-10","status":"publish","type":"product","link":"https:\/\/kad.al\/index.php\/product\/vepra-letrare-10\/","title":{"rendered":"VEPRA LETRARE 10"},"content":{"rendered":"","protected":false},"excerpt":{"rendered":"<p><strong>VEPRA LETRARE 10<\/strong><\/p>\n<p><em><strong>Nikolla Spathari<\/strong><\/em><\/p>\n<p>ISBN 978-9928-317-71-1<\/p>\n<p>\u00c7mimi 1200 Lek\u00eb<\/p>\n<p>N\u00eb \u201cVepr\u00ebn Letrare 10\u201d gjendet libri me tregime humoristike \u201cAventur\u00eb n\u00eb Xhenet\u201d. Ajo p\u00ebrmban k\u00ebto tregime: Aventur\u00eb n\u00eb Xhenet, \u201cZonja me kone\u201c, \u00a0Lexo \u201cDonin e qet\u00eb&#8221;, \u00a0P\u00ebr nj\u00eb k\u00ebng\u00eb, Gjum\u00eb me sheqer, Dosja e orareve, \u201cMikpritja\u201c, Llazari duhet t\u00eb ankohet, Mysafir\u00ebt e nat\u00ebs n\u00eb bibliotek\u00eb, Kur s\u2019ke nj\u00eb got\u00eb raki, Vendimi, Pifti dhe Prenga, Bojaxhinjt\u00eb n\u00eb sht\u00ebpi, Ku \u00ebsht\u00eb dera ime, Heu, paskam vdekur, Njeriu q\u00eb ndreq duke p\u00ebrmbysur, Vjedhja interesante, K\u00ebrkohet nj\u00eb hoxh\u00eb, Shefi i kabinetit, Andrea nga Shijaku, Kryeredaktori zbardh realitetin e nxir\u00eb, Ndodhira t\u00eb policit Jakin&#8230; N\u00eb k\u00ebt\u00eb vep\u00ebr gjenden 22 tregime<\/p>\n<p>&nbsp;<\/p>\n<p>&nbsp;<\/p>\n<p>&nbsp;<\/p>\n<p>&nbsp;<\/p>\n<p>&nbsp;<\/p>\n","protected":false},"featured_media":1703,"template":"","meta":[],"product_brand":[],"product_cat":[23],"product_tag":[],"class_list":{"0":"post-1702","1":"product","2":"type-product","3":"status-publish","4":"has-post-thumbnail","6":"product_cat-romane-tregime-novela","7":"description-off","9":"first","10":"instock","11":"shipping-taxable","12":"product-type-simple"},"_links":{"self":[{"href":"https:\/\/kad.al\/index.php\/wp-json\/wp\/v2\/product\/1702","targetHints":{"allow":["GET"]}}],"collection":[{"href":"https:\/\/kad.al\/index.php\/wp-json\/wp\/v2\/product"}],"about":[{"href":"https:\/\/kad.al\/index.php\/wp-json\/wp\/v2\/types\/product"}],"wp:featuredmedia":[{"embeddable":true,"href":"https:\/\/kad.al\/index.php\/wp-json\/wp\/v2\/media\/1703"}],"wp:attachment":[{"href":"https:\/\/kad.al\/index.php\/wp-json\/wp\/v2\/media?parent=1702"}],"wp:term":[{"taxonomy":"product_brand","embeddable":true,"href":"https:\/\/kad.al\/index.php\/wp-json\/wp\/v2\/product_brand?post=1702"},{"taxonomy":"product_cat","embeddable":true,"href":"https:\/\/kad.al\/index.php\/wp-json\/wp\/v2\/product_cat?post=1702"},{"taxonomy":"product_tag","embeddable":true,"href":"https:\/\/kad.al\/index.php\/wp-json\/wp\/v2\/product_tag?post=1702"}],"curies":[{"name":"wp","href":"https:\/\/api.w.org\/{rel}","templated":true}]}}