{"id":1696,"date":"2021-12-31T11:50:09","date_gmt":"2021-12-31T11:50:09","guid":{"rendered":"https:\/\/kad.al\/?post_type=product&#038;p=1696"},"modified":"2025-07-08T07:12:00","modified_gmt":"2025-07-08T07:12:00","slug":"vepra-letrare-9","status":"publish","type":"product","link":"https:\/\/kad.al\/index.php\/product\/vepra-letrare-9\/","title":{"rendered":"VEPRA LETRARE 9"},"content":{"rendered":"","protected":false},"excerpt":{"rendered":"<p><strong>VEPRA LETRARE 9<\/strong><\/p>\n<p><em><strong>Nikolla Spathari<\/strong><\/em><\/p>\n<p>ISBN 978-9928-317-70-4<\/p>\n<p>\u00c7mimi 1200 Lek\u00eb<\/p>\n<p>Libri me tregime humoristike \u201cKur isha minist\u00ebr\u201d \u00ebsht\u00eb l\u00ebnda e \u201cVepr\u00ebs Letrare 9\u201d. Ajo i paraqet lexuesit k\u00ebto tregime: Horoskopi opozitar, Urime nga shefi, Shoku Shaqir dhe Muho Teli, Kandidat p\u00ebr deputet, Vrasje e mbetur n\u00eb tentative, Udh\u00ebtari gazmor, Ethet e raportit kaluan me sukses, Trimi, Projekt vendimi, Vjehrra, P\u00ebr hi\u00e7 gj\u00eb u prish\u00ebm me komshinjt\u00eb, Varianti m\u00eb i\u00a0 keq i vetvrasjes, Kartolinat e shefit, Prova gjenerale, Kur isha minist\u00ebr, Ded\u00eb Hunda, Me \u00e7far\u00eb merret shoku Sadedin, Beqar se beqar, Gjum\u00eb me arsye, Romani p\u00ebr Sk\u00ebnderbeun, Hajredini n\u00eb sferat e larta zyrtare. Aty gjenden gjithsej 21 tregime.<\/p>\n","protected":false},"featured_media":1697,"template":"","meta":[],"product_brand":[],"product_cat":[23],"product_tag":[],"class_list":{"0":"post-1696","1":"product","2":"type-product","3":"status-publish","4":"has-post-thumbnail","6":"product_cat-romane-tregime-novela","7":"description-off","9":"first","10":"instock","11":"shipping-taxable","12":"product-type-simple"},"_links":{"self":[{"href":"https:\/\/kad.al\/index.php\/wp-json\/wp\/v2\/product\/1696","targetHints":{"allow":["GET"]}}],"collection":[{"href":"https:\/\/kad.al\/index.php\/wp-json\/wp\/v2\/product"}],"about":[{"href":"https:\/\/kad.al\/index.php\/wp-json\/wp\/v2\/types\/product"}],"wp:featuredmedia":[{"embeddable":true,"href":"https:\/\/kad.al\/index.php\/wp-json\/wp\/v2\/media\/1697"}],"wp:attachment":[{"href":"https:\/\/kad.al\/index.php\/wp-json\/wp\/v2\/media?parent=1696"}],"wp:term":[{"taxonomy":"product_brand","embeddable":true,"href":"https:\/\/kad.al\/index.php\/wp-json\/wp\/v2\/product_brand?post=1696"},{"taxonomy":"product_cat","embeddable":true,"href":"https:\/\/kad.al\/index.php\/wp-json\/wp\/v2\/product_cat?post=1696"},{"taxonomy":"product_tag","embeddable":true,"href":"https:\/\/kad.al\/index.php\/wp-json\/wp\/v2\/product_tag?post=1696"}],"curies":[{"name":"wp","href":"https:\/\/api.w.org\/{rel}","templated":true}]}}