{"id":1691,"date":"2021-12-29T13:06:24","date_gmt":"2021-12-29T13:06:24","guid":{"rendered":"https:\/\/kad.al\/?post_type=product&#038;p=1691"},"modified":"2025-07-08T07:10:51","modified_gmt":"2025-07-08T07:10:51","slug":"vepra-letrare-8","status":"publish","type":"product","link":"https:\/\/kad.al\/index.php\/product\/vepra-letrare-8\/","title":{"rendered":"VEPRA LETRARE 8"},"content":{"rendered":"","protected":false},"excerpt":{"rendered":"<p><strong>VEPRA LETRARE 8<\/strong><\/p>\n<p><em><strong>Nikolla Spathari<\/strong><\/em><\/p>\n<p>ISBN 978-9928-317-17-9<\/p>\n<p>\u00c7mimi 1200 Lek\u00eb<\/p>\n<p>\u201cVepra Letrare 8\u201d p\u00ebrmban kat\u00ebr poema satirike t\u00eb Gjergj Fisht\u00ebs n\u00eb origjinal dhe t\u00eb p\u00ebrshtatura nga autori, shoq\u00ebruar me nj\u00eb shkrim t\u00eb gjat\u00eb p\u00ebr veprimtarin\u00eb e poetit t\u00eb madh. Poemat jan\u00eb:\u00a0<strong>\u201c<\/strong>Nakdomenicipedia\u201d, \u201cMetamorfoza,\u201d,<strong> \u201c<\/strong>Jus gentium\u201d dhe<strong>\u00a0 \u201c<\/strong>Dredhia e djallit\u201d. Nakdomenicipedia i kushtohet Dom Ndoc Nikajt, romancierit t\u00eb par\u00eb shqiptar nj\u00ebkoh\u00ebsisht dhe historian. Duke iu drejtuar atij, Fishta satirizon problemet e mprehta t\u00eb koh\u00ebs. Metamorfoza \u00ebsht\u00eb poema rreth s\u00eb cil\u00ebs jan\u00eb thurur shpifjet ndaj poetit. Fishta \u00ebsht\u00eb themelues i poezis\u00eb satirike shqiptare.<\/p>\n","protected":false},"featured_media":1692,"template":"","meta":[],"product_brand":[],"product_cat":[23],"product_tag":[],"class_list":{"0":"post-1691","1":"product","2":"type-product","3":"status-publish","4":"has-post-thumbnail","6":"product_cat-romane-tregime-novela","7":"description-off","9":"first","10":"instock","11":"shipping-taxable","12":"product-type-simple"},"_links":{"self":[{"href":"https:\/\/kad.al\/index.php\/wp-json\/wp\/v2\/product\/1691","targetHints":{"allow":["GET"]}}],"collection":[{"href":"https:\/\/kad.al\/index.php\/wp-json\/wp\/v2\/product"}],"about":[{"href":"https:\/\/kad.al\/index.php\/wp-json\/wp\/v2\/types\/product"}],"wp:featuredmedia":[{"embeddable":true,"href":"https:\/\/kad.al\/index.php\/wp-json\/wp\/v2\/media\/1692"}],"wp:attachment":[{"href":"https:\/\/kad.al\/index.php\/wp-json\/wp\/v2\/media?parent=1691"}],"wp:term":[{"taxonomy":"product_brand","embeddable":true,"href":"https:\/\/kad.al\/index.php\/wp-json\/wp\/v2\/product_brand?post=1691"},{"taxonomy":"product_cat","embeddable":true,"href":"https:\/\/kad.al\/index.php\/wp-json\/wp\/v2\/product_cat?post=1691"},{"taxonomy":"product_tag","embeddable":true,"href":"https:\/\/kad.al\/index.php\/wp-json\/wp\/v2\/product_tag?post=1691"}],"curies":[{"name":"wp","href":"https:\/\/api.w.org\/{rel}","templated":true}]}}