{"id":1683,"date":"2021-12-29T10:41:26","date_gmt":"2021-12-29T10:41:26","guid":{"rendered":"https:\/\/kad.al\/?post_type=product&#038;p=1683"},"modified":"2025-07-08T07:09:53","modified_gmt":"2025-07-08T07:09:53","slug":"vepra-letrare-6","status":"publish","type":"product","link":"https:\/\/kad.al\/index.php\/product\/vepra-letrare-6\/","title":{"rendered":"VEPRA LETRARE 6"},"content":{"rendered":"","protected":false},"excerpt":{"rendered":"<p><strong>VEPRA LETRARE 6<\/strong><\/p>\n<p><em><strong>Nikolla Spathari<\/strong><\/em><\/p>\n<p>ISBN\u00a0978-9928-317-15-5<\/p>\n<p>\u00c7mimi 1200 Lek\u00eb<\/p>\n<p>\u201cVepra Letrare 6\u201d p\u00ebrmban v\u00ebllimin poetik \u201cS\u2019iki dot nga kjo vjesht\u00eb\u201d. Ajo ka gjith\u00ebsejt 89 poezi. Disa nga poezit\u00eb, q\u00eb p\u00ebrmblidh\u00ebn k\u00ebtu jan\u00eb: Nga ato q\u00eb duhen th\u00ebn\u00eb, Iluzion, M\u00ebdyshje, Jet\u00eb sovrane, Vajz\u00ebs me emrin Lumturi, Dhimbja e fundit, Vdekja e n\u00ebn\u00ebs, Sa shum\u00eb bor\u00ebra, Vetmia, K\u00ebshtu t\u00eb kam njohur, Bashk\u00ebkoh\u00ebs, T\u00eb humba te muzgu, Fshati im, N\u00ebn\u00eb Terez\u00ebs, Mall p\u00ebr qytetin tim, Rebelim, Stjuardesa, S\u2019m\u00eb pranuan njer\u00ebzit etj.<\/p>\n","protected":false},"featured_media":1684,"template":"","meta":[],"product_brand":[],"product_cat":[23],"product_tag":[],"class_list":{"0":"post-1683","1":"product","2":"type-product","3":"status-publish","4":"has-post-thumbnail","6":"product_cat-romane-tregime-novela","7":"description-off","9":"first","10":"instock","11":"shipping-taxable","12":"product-type-simple"},"_links":{"self":[{"href":"https:\/\/kad.al\/index.php\/wp-json\/wp\/v2\/product\/1683","targetHints":{"allow":["GET"]}}],"collection":[{"href":"https:\/\/kad.al\/index.php\/wp-json\/wp\/v2\/product"}],"about":[{"href":"https:\/\/kad.al\/index.php\/wp-json\/wp\/v2\/types\/product"}],"wp:featuredmedia":[{"embeddable":true,"href":"https:\/\/kad.al\/index.php\/wp-json\/wp\/v2\/media\/1684"}],"wp:attachment":[{"href":"https:\/\/kad.al\/index.php\/wp-json\/wp\/v2\/media?parent=1683"}],"wp:term":[{"taxonomy":"product_brand","embeddable":true,"href":"https:\/\/kad.al\/index.php\/wp-json\/wp\/v2\/product_brand?post=1683"},{"taxonomy":"product_cat","embeddable":true,"href":"https:\/\/kad.al\/index.php\/wp-json\/wp\/v2\/product_cat?post=1683"},{"taxonomy":"product_tag","embeddable":true,"href":"https:\/\/kad.al\/index.php\/wp-json\/wp\/v2\/product_tag?post=1683"}],"curies":[{"name":"wp","href":"https:\/\/api.w.org\/{rel}","templated":true}]}}