{"id":1679,"date":"2021-12-28T12:55:36","date_gmt":"2021-12-28T12:55:36","guid":{"rendered":"https:\/\/kad.al\/?post_type=product&#038;p=1679"},"modified":"2025-07-08T07:09:17","modified_gmt":"2025-07-08T07:09:17","slug":"vepra-letrare-5","status":"publish","type":"product","link":"https:\/\/kad.al\/index.php\/product\/vepra-letrare-5\/","title":{"rendered":"VEPRA LETRARE 5"},"content":{"rendered":"","protected":false},"excerpt":{"rendered":"<p><strong>VEPRA LETRARE 5<\/strong><\/p>\n<p><em><strong>Nikolla Spathari<\/strong><\/em><\/p>\n<p>ISBN\u00a0978-9928-280-76-3<\/p>\n<p>\u00c7mimi 1200 Lek\u00eb<\/p>\n<p>N\u00eb \u201cVepr\u00ebn Letrare 5\u201d, gjithashtu, jan\u00eb p\u00ebmbledhur v\u00ebllimet poetike \u201cBir i diellit\u201d dhe \u201cT\u00eb shtyhet m\u00ebngjesi\u201d. V\u00ebllimi \u201cBir i diellit\u201d p\u00ebrmban tridhjet\u00eb e tet\u00eb poezi. Disa nga ato jan\u00eb: E bukur si nj\u00eb Dezdemon\u00eb, Vjeshta ime, Para portretit t\u00eb Dantes, Bir i diellit, Misisipi, \u00a0\u00cbnd\u00ebrr e nj\u00eb nate dimri, Ura e Bruklinit, Nj\u00eb e shtun\u00eb maji, Pritja e qytetit tim, Shi n\u00eb fushat e Arbrit, N\u00eb Jeruzalem etj. \u00a0\u201cT\u00eb shtyhet m\u00ebngjesi\u201d ka tet\u00ebdhjet\u00eb e pes\u00eb\u00a0 poezi, nd\u00ebr t\u00eb cilat: Prometeu dhe zjarri, Kujtime t\u00eb vjetra, Nat\u00eb n\u00eb Shkod\u00ebr, Mallkimi, Poezia ka mbetur atje, Piktorja kosovare, Cigania, Miq nuk kemi, Bukuroshja nga Izmiri etj,<\/p>\n","protected":false},"featured_media":1680,"template":"","meta":[],"product_brand":[],"product_cat":[23],"product_tag":[],"class_list":{"0":"post-1679","1":"product","2":"type-product","3":"status-publish","4":"has-post-thumbnail","6":"product_cat-romane-tregime-novela","7":"description-off","9":"first","10":"instock","11":"shipping-taxable","12":"product-type-simple"},"_links":{"self":[{"href":"https:\/\/kad.al\/index.php\/wp-json\/wp\/v2\/product\/1679","targetHints":{"allow":["GET"]}}],"collection":[{"href":"https:\/\/kad.al\/index.php\/wp-json\/wp\/v2\/product"}],"about":[{"href":"https:\/\/kad.al\/index.php\/wp-json\/wp\/v2\/types\/product"}],"wp:featuredmedia":[{"embeddable":true,"href":"https:\/\/kad.al\/index.php\/wp-json\/wp\/v2\/media\/1680"}],"wp:attachment":[{"href":"https:\/\/kad.al\/index.php\/wp-json\/wp\/v2\/media?parent=1679"}],"wp:term":[{"taxonomy":"product_brand","embeddable":true,"href":"https:\/\/kad.al\/index.php\/wp-json\/wp\/v2\/product_brand?post=1679"},{"taxonomy":"product_cat","embeddable":true,"href":"https:\/\/kad.al\/index.php\/wp-json\/wp\/v2\/product_cat?post=1679"},{"taxonomy":"product_tag","embeddable":true,"href":"https:\/\/kad.al\/index.php\/wp-json\/wp\/v2\/product_tag?post=1679"}],"curies":[{"name":"wp","href":"https:\/\/api.w.org\/{rel}","templated":true}]}}