{"id":1673,"date":"2021-12-28T12:09:01","date_gmt":"2021-12-28T12:09:01","guid":{"rendered":"https:\/\/kad.al\/?post_type=product&#038;p=1673"},"modified":"2025-07-08T07:08:45","modified_gmt":"2025-07-08T07:08:45","slug":"vepra-letrare-4","status":"publish","type":"product","link":"https:\/\/kad.al\/index.php\/product\/vepra-letrare-4\/","title":{"rendered":"VEPRA LETRARE 4"},"content":{"rendered":"","protected":false},"excerpt":{"rendered":"<p><strong>VEPRA LETRARE 4<\/strong><\/p>\n<p><em><strong>Nikolla Spathari<\/strong><\/em><\/p>\n<p>ISBN 978-9928-280-72-5<\/p>\n<p>\u00c7mimi 1200 Lek\u00eb<\/p>\n<p>Vepra Letrare 4\u00a0 p\u00ebrmban dy libra me poezi: Librin \u201cP\u00ebrtej shiut\u201d dhe librin \u201cP\u00ebrkoh\u00ebsisht e bukur\u201d. Libri \u201cP\u00ebrtej shiut\u201d ka pes\u00ebdhjet\u00eb poezi. Mes t\u00eb tjerash: K\u00ebrkohet Migjeni, Humba nj\u00eb shok, P\u00ebrtej shiut, Pritja e n\u00ebnave, N\u00eb vendlindje, Fund vjeshte, E dua k\u00ebt\u00eb er\u00eb, Meditim p\u00ebr librat tan\u00eb, Celulari, Shkodra etj. Kurse libri \u201cP\u00ebrkoh\u00ebsisht e bukur\u201d p\u00ebrmbledh gjasht\u00ebdhjet\u00eb e n\u00ebnt\u00eb poezi. Nd\u00ebr to: Refleksion, T\u00eb ndalet stuhia, Vdekja e poetit, Vendim i marr\u00eb n\u00eb shi, Sikur t\u00eb vije, Njoftim vjeshte, Vrasja e zogut, Fund vjeshte,\u00a0 etj&#8230; Gjith\u00ebsejt \u201cVepra Letrare 4\u201d p\u00ebrmban \u00a0119 poezi.<\/p>\n<p>&nbsp;<\/p>\n","protected":false},"featured_media":1674,"template":"","meta":[],"product_brand":[],"product_cat":[23],"product_tag":[],"class_list":{"0":"post-1673","1":"product","2":"type-product","3":"status-publish","4":"has-post-thumbnail","6":"product_cat-romane-tregime-novela","7":"description-off","9":"first","10":"instock","11":"shipping-taxable","12":"product-type-simple"},"_links":{"self":[{"href":"https:\/\/kad.al\/index.php\/wp-json\/wp\/v2\/product\/1673","targetHints":{"allow":["GET"]}}],"collection":[{"href":"https:\/\/kad.al\/index.php\/wp-json\/wp\/v2\/product"}],"about":[{"href":"https:\/\/kad.al\/index.php\/wp-json\/wp\/v2\/types\/product"}],"wp:featuredmedia":[{"embeddable":true,"href":"https:\/\/kad.al\/index.php\/wp-json\/wp\/v2\/media\/1674"}],"wp:attachment":[{"href":"https:\/\/kad.al\/index.php\/wp-json\/wp\/v2\/media?parent=1673"}],"wp:term":[{"taxonomy":"product_brand","embeddable":true,"href":"https:\/\/kad.al\/index.php\/wp-json\/wp\/v2\/product_brand?post=1673"},{"taxonomy":"product_cat","embeddable":true,"href":"https:\/\/kad.al\/index.php\/wp-json\/wp\/v2\/product_cat?post=1673"},{"taxonomy":"product_tag","embeddable":true,"href":"https:\/\/kad.al\/index.php\/wp-json\/wp\/v2\/product_tag?post=1673"}],"curies":[{"name":"wp","href":"https:\/\/api.w.org\/{rel}","templated":true}]}}