{"id":1670,"date":"2021-12-28T11:37:44","date_gmt":"2021-12-28T11:37:44","guid":{"rendered":"https:\/\/kad.al\/?post_type=product&#038;p=1670"},"modified":"2025-07-08T07:08:04","modified_gmt":"2025-07-08T07:08:04","slug":"vepra-letrare-3","status":"publish","type":"product","link":"https:\/\/kad.al\/index.php\/product\/vepra-letrare-3\/","title":{"rendered":"VEPRA LETRARE 3"},"content":{"rendered":"","protected":false},"excerpt":{"rendered":"<p><strong>VEPRA LETRARE 3<\/strong><\/p>\n<p><em><strong>Nikolla Spathari<\/strong><\/em><\/p>\n<p>ISBN 978-9928-280-29-9<\/p>\n<p>\u00c7mimi 1200 Lek\u00eb<\/p>\n<p>N\u00eb Vepr\u00ebn Letrare 3 kemi librin \u201cMal\u00ebsia e Madhe &#8211; tok\u00eb e nj\u00eb etnokulture t\u00eb lasht\u00eb\u201d, n\u00eb t\u00eb cil\u00ebn p\u00ebrmblidh\u00ebn k\u00ebto studime etnografike: Mal\u00ebsia dhe Kanuni, Kuvendet e Maleve, Organizimi ushtarak i maleve,\u00a0 Dor\u00ebzimi i arm\u00ebve n\u00eb prag t\u00eb Kull\u00ebs, Pushka Habertare, Vllaznimi me shk\u00ebmbim gjaku, \u00a0Logu i Mal\u00ebsis\u00eb,\u00a0 Mbremjet e krojeve, Mrizet, \u00a0Hanet,\u00a0 Martesa n\u00eb Mal\u00ebsi, Konkurset m\u00eb t\u00eb her\u00ebshme t\u00eb bukuris\u00eb, Ceremonia e hidhur e varrimit.<\/p>\n<p>&nbsp;<\/p>\n","protected":false},"featured_media":1671,"template":"","meta":[],"product_brand":[],"product_cat":[23],"product_tag":[],"class_list":{"0":"post-1670","1":"product","2":"type-product","3":"status-publish","4":"has-post-thumbnail","6":"product_cat-romane-tregime-novela","7":"description-off","9":"first","10":"instock","11":"shipping-taxable","12":"product-type-simple"},"_links":{"self":[{"href":"https:\/\/kad.al\/index.php\/wp-json\/wp\/v2\/product\/1670","targetHints":{"allow":["GET"]}}],"collection":[{"href":"https:\/\/kad.al\/index.php\/wp-json\/wp\/v2\/product"}],"about":[{"href":"https:\/\/kad.al\/index.php\/wp-json\/wp\/v2\/types\/product"}],"wp:featuredmedia":[{"embeddable":true,"href":"https:\/\/kad.al\/index.php\/wp-json\/wp\/v2\/media\/1671"}],"wp:attachment":[{"href":"https:\/\/kad.al\/index.php\/wp-json\/wp\/v2\/media?parent=1670"}],"wp:term":[{"taxonomy":"product_brand","embeddable":true,"href":"https:\/\/kad.al\/index.php\/wp-json\/wp\/v2\/product_brand?post=1670"},{"taxonomy":"product_cat","embeddable":true,"href":"https:\/\/kad.al\/index.php\/wp-json\/wp\/v2\/product_cat?post=1670"},{"taxonomy":"product_tag","embeddable":true,"href":"https:\/\/kad.al\/index.php\/wp-json\/wp\/v2\/product_tag?post=1670"}],"curies":[{"name":"wp","href":"https:\/\/api.w.org\/{rel}","templated":true}]}}