{"id":1658,"date":"2021-12-24T10:49:07","date_gmt":"2021-12-24T10:49:07","guid":{"rendered":"https:\/\/kad.al\/?post_type=product&#038;p=1658"},"modified":"2025-07-10T13:52:22","modified_gmt":"2025-07-10T13:52:22","slug":"100-poezi-nga-pablo-neruda","status":"publish","type":"product","link":"https:\/\/kad.al\/index.php\/product\/100-poezi-nga-pablo-neruda\/","title":{"rendered":"100 POEZI NGA PABLO NERUDA"},"content":{"rendered":"","protected":false},"excerpt":{"rendered":"<p><strong>100 POEZI NGA PABLO NERUDA<\/strong><\/p>\n<p>ISBN 978 &#8211; 9928 &#8211; 357 &#8211; 29 &#8211; 8<\/p>\n<p>\u00c7mimi 1000 Lek\u00eb<\/p>\n<p>Faqe 188<\/p>\n<p>Shqip\u00ebruar nga Maksim Rakipaj<\/p>\n<p>Pablo Neruda konsiderohet nj\u00eb nd\u00ebr poet\u00ebt m\u00eb t\u00eb m\u00ebdhenj t\u00eb shekullit t\u00eb XX. N\u00eb vitin 1971 Neruda fitoi \u00c7mimin &#8221;Nobel&#8221; p\u00ebr Let\u00ebrsin\u00eb. V\u00ebllimi p\u00ebrmban 100 prej poezive t\u00eb autorit.<\/p>\n","protected":false},"featured_media":1659,"template":"","meta":[],"product_brand":[],"product_cat":[24],"product_tag":[],"class_list":{"0":"post-1658","1":"product","2":"type-product","3":"status-publish","4":"has-post-thumbnail","6":"product_cat-poezi","7":"description-off","9":"first","10":"instock","11":"shipping-taxable","12":"product-type-simple"},"_links":{"self":[{"href":"https:\/\/kad.al\/index.php\/wp-json\/wp\/v2\/product\/1658","targetHints":{"allow":["GET"]}}],"collection":[{"href":"https:\/\/kad.al\/index.php\/wp-json\/wp\/v2\/product"}],"about":[{"href":"https:\/\/kad.al\/index.php\/wp-json\/wp\/v2\/types\/product"}],"wp:featuredmedia":[{"embeddable":true,"href":"https:\/\/kad.al\/index.php\/wp-json\/wp\/v2\/media\/1659"}],"wp:attachment":[{"href":"https:\/\/kad.al\/index.php\/wp-json\/wp\/v2\/media?parent=1658"}],"wp:term":[{"taxonomy":"product_brand","embeddable":true,"href":"https:\/\/kad.al\/index.php\/wp-json\/wp\/v2\/product_brand?post=1658"},{"taxonomy":"product_cat","embeddable":true,"href":"https:\/\/kad.al\/index.php\/wp-json\/wp\/v2\/product_cat?post=1658"},{"taxonomy":"product_tag","embeddable":true,"href":"https:\/\/kad.al\/index.php\/wp-json\/wp\/v2\/product_tag?post=1658"}],"curies":[{"name":"wp","href":"https:\/\/api.w.org\/{rel}","templated":true}]}}