{"id":1651,"date":"2021-12-20T12:45:05","date_gmt":"2021-12-20T12:45:05","guid":{"rendered":"https:\/\/kad.al\/?post_type=product&#038;p=1651"},"modified":"2021-12-20T13:55:19","modified_gmt":"2021-12-20T13:55:19","slug":"nje-histori-e-shkurter-e-durresit","status":"publish","type":"product","link":"https:\/\/kad.al\/index.php\/product\/nje-histori-e-shkurter-e-durresit\/","title":{"rendered":"NJ\u00cb HISTORI E SHKURT\u00cbR E DURR\u00cbSIT"},"content":{"rendered":"","protected":false},"excerpt":{"rendered":"<p>NJ\u00cb HISTORI E SHKURT\u00cbR E DURR\u00cbSIT<\/p>\n<p><em>Eduard Shehi<\/em><\/p>\n<p>ISBN 978-9928&#8211;357 &#8211; 41 -0<\/p>\n<p>Faqe 294<\/p>\n<p>\u00c7mimi 1200 Lek\u00eb \/ 10 \u20ac<\/p>\n<p>Shkrimi i k\u00ebtij libri \u00ebsht\u00eb bazuar te thjesht\u00ebsimi i paraqitjes s\u00eb historis\u00eb, i m\u00ebnyr\u00ebs s\u00eb t\u00eb shkruarit t\u00eb saj, n\u00eb koncepte dhe n\u00eb sasin\u00eb e faqeve t\u00eb kapitujve. N\u00eb k\u00ebt\u00eb form\u00eb, duke shmangur citimet standarde q\u00eb p\u00ebrdoren zakonisht n\u00eb artikujt profesional\u00eb, por duke ruajtur stilin e shkrimit, autori \u00ebsht\u00eb p\u00ebrpjekur t\u00eb paraqes\u00eb nj\u00eb tekst sa m\u00eb t\u00eb thjesht\u00eb.<\/p>\n","protected":false},"featured_media":1652,"template":"","meta":[],"product_brand":[],"product_cat":[22],"product_tag":[],"class_list":{"0":"post-1651","1":"product","2":"type-product","3":"status-publish","4":"has-post-thumbnail","6":"product_cat-histori","7":"description-off","9":"first","10":"instock","11":"shipping-taxable","12":"product-type-simple"},"_links":{"self":[{"href":"https:\/\/kad.al\/index.php\/wp-json\/wp\/v2\/product\/1651","targetHints":{"allow":["GET"]}}],"collection":[{"href":"https:\/\/kad.al\/index.php\/wp-json\/wp\/v2\/product"}],"about":[{"href":"https:\/\/kad.al\/index.php\/wp-json\/wp\/v2\/types\/product"}],"wp:featuredmedia":[{"embeddable":true,"href":"https:\/\/kad.al\/index.php\/wp-json\/wp\/v2\/media\/1652"}],"wp:attachment":[{"href":"https:\/\/kad.al\/index.php\/wp-json\/wp\/v2\/media?parent=1651"}],"wp:term":[{"taxonomy":"product_brand","embeddable":true,"href":"https:\/\/kad.al\/index.php\/wp-json\/wp\/v2\/product_brand?post=1651"},{"taxonomy":"product_cat","embeddable":true,"href":"https:\/\/kad.al\/index.php\/wp-json\/wp\/v2\/product_cat?post=1651"},{"taxonomy":"product_tag","embeddable":true,"href":"https:\/\/kad.al\/index.php\/wp-json\/wp\/v2\/product_tag?post=1651"}],"curies":[{"name":"wp","href":"https:\/\/api.w.org\/{rel}","templated":true}]}}