{"id":1648,"date":"2021-12-20T11:20:21","date_gmt":"2021-12-20T11:20:21","guid":{"rendered":"https:\/\/kad.al\/?post_type=product&#038;p=1648"},"modified":"2025-07-08T06:49:40","modified_gmt":"2025-07-08T06:49:40","slug":"manovra-e-mbretereshes","status":"publish","type":"product","link":"https:\/\/kad.al\/index.php\/product\/manovra-e-mbretereshes\/","title":{"rendered":"MANOVRA E MBRET\u00cbRESH\u00cbS"},"content":{"rendered":"","protected":false},"excerpt":{"rendered":"<p><strong>MANOVRA E MBRET\u00cbRESH\u00cbS<\/strong><\/p>\n<p><em><strong>Walter Tevis<\/strong><\/em><\/p>\n<p>ISBN\u00a0978-9928-357-38-0<\/p>\n<p>Faqe 404<\/p>\n<p>\u00c7mimi 1400 Lek\u00eb<\/p>\n<p>P\u00ebrktheu Idlir Shkurti<\/p>\n<p>Pasi mbetet jetime, n\u00eb mosh\u00ebn tet\u00eb vje\u00e7are, Beth Harmon d\u00ebrgohet n\u00eb nj\u00eb jetimore. Shpejt, aty, ajo zbulon dy m\u00ebnyra p\u00ebr t&#8217;i shp\u00ebtuar zymt\u00ebsis\u00eb s\u00eb ambjentit: t\u00eb luaj\u00eb shah dhe t\u00eb marr\u00eb pilulat e vogla t\u00eb gjelbra, q\u00eb i jepeshin f\u00ebmij\u00ebve p\u00ebr t&#8217;i mbajtur ata n\u00ebn kontroll. Por shum\u00eb shpejt, b\u00ebhet e qart\u00eb se ajo ka nj\u00eb talent t\u00eb jasht\u00ebzakonsh\u00ebm n\u00eb shah dhe nd\u00ebrsa p\u00ebrparon drejt kreut t\u00eb renditjes, i krijon vetes mund\u00ebsin\u00eb p\u00ebr nj\u00eb jet\u00eb t\u00eb re. Megjith\u00ebk\u00ebt\u00eb ajo kurr\u00eb nuk mund ta mposht\u00eb d\u00ebshir\u00ebn e saj p\u00ebr vet\u00ebshkat\u00ebrrim. Alkooli dhe droga do t\u2019i b\u00ebhen pjes\u00eb e jet\u00ebs. P\u00ebr Betin, vlen m\u00eb shum\u00eb rreziku sesa thjesht fitimi ose humbja.<\/p>\n<p>&nbsp;<\/p>\n","protected":false},"featured_media":1649,"template":"","meta":[],"product_brand":[],"product_cat":[23],"product_tag":[],"class_list":{"0":"post-1648","1":"product","2":"type-product","3":"status-publish","4":"has-post-thumbnail","6":"product_cat-romane-tregime-novela","7":"description-off","9":"first","10":"instock","11":"shipping-taxable","12":"product-type-simple"},"_links":{"self":[{"href":"https:\/\/kad.al\/index.php\/wp-json\/wp\/v2\/product\/1648","targetHints":{"allow":["GET"]}}],"collection":[{"href":"https:\/\/kad.al\/index.php\/wp-json\/wp\/v2\/product"}],"about":[{"href":"https:\/\/kad.al\/index.php\/wp-json\/wp\/v2\/types\/product"}],"wp:featuredmedia":[{"embeddable":true,"href":"https:\/\/kad.al\/index.php\/wp-json\/wp\/v2\/media\/1649"}],"wp:attachment":[{"href":"https:\/\/kad.al\/index.php\/wp-json\/wp\/v2\/media?parent=1648"}],"wp:term":[{"taxonomy":"product_brand","embeddable":true,"href":"https:\/\/kad.al\/index.php\/wp-json\/wp\/v2\/product_brand?post=1648"},{"taxonomy":"product_cat","embeddable":true,"href":"https:\/\/kad.al\/index.php\/wp-json\/wp\/v2\/product_cat?post=1648"},{"taxonomy":"product_tag","embeddable":true,"href":"https:\/\/kad.al\/index.php\/wp-json\/wp\/v2\/product_tag?post=1648"}],"curies":[{"name":"wp","href":"https:\/\/api.w.org\/{rel}","templated":true}]}}