{"id":1641,"date":"2021-12-03T14:51:27","date_gmt":"2021-12-03T14:51:27","guid":{"rendered":"https:\/\/kad.al\/?post_type=product&#038;p=1641"},"modified":"2025-07-07T12:30:23","modified_gmt":"2025-07-07T12:30:23","slug":"duke-pire-nje-kafe","status":"publish","type":"product","link":"https:\/\/kad.al\/index.php\/product\/duke-pire-nje-kafe\/","title":{"rendered":"DUKE PIR\u00cb NJ\u00cb KAFE"},"content":{"rendered":"","protected":false},"excerpt":{"rendered":"<p><strong>DUKE PIR\u00cb NJ\u00cb KAFE<\/strong><\/p>\n<p><em><strong>Haxhi Rama<\/strong><\/em><\/p>\n<p>ISBN\u00a0978-9928-357-27-4<\/p>\n<p>\u00c7mimi 800 Lek\u00eb<\/p>\n<p>Libri m\u00eb i ri nga regjisori i njohur Haxhi Rama tregon histori t\u00eb shkurtra me koleg\u00eb e miq gjat\u00eb pun\u00ebs s\u00eb tij nd\u00ebr vite.<\/p>\n<p>&nbsp;<\/p>\n","protected":false},"featured_media":1642,"template":"","meta":[],"product_brand":[],"product_cat":[23],"product_tag":[],"class_list":{"0":"post-1641","1":"product","2":"type-product","3":"status-publish","4":"has-post-thumbnail","6":"product_cat-romane-tregime-novela","7":"description-off","9":"first","10":"instock","11":"shipping-taxable","12":"product-type-simple"},"_links":{"self":[{"href":"https:\/\/kad.al\/index.php\/wp-json\/wp\/v2\/product\/1641","targetHints":{"allow":["GET"]}}],"collection":[{"href":"https:\/\/kad.al\/index.php\/wp-json\/wp\/v2\/product"}],"about":[{"href":"https:\/\/kad.al\/index.php\/wp-json\/wp\/v2\/types\/product"}],"wp:featuredmedia":[{"embeddable":true,"href":"https:\/\/kad.al\/index.php\/wp-json\/wp\/v2\/media\/1642"}],"wp:attachment":[{"href":"https:\/\/kad.al\/index.php\/wp-json\/wp\/v2\/media?parent=1641"}],"wp:term":[{"taxonomy":"product_brand","embeddable":true,"href":"https:\/\/kad.al\/index.php\/wp-json\/wp\/v2\/product_brand?post=1641"},{"taxonomy":"product_cat","embeddable":true,"href":"https:\/\/kad.al\/index.php\/wp-json\/wp\/v2\/product_cat?post=1641"},{"taxonomy":"product_tag","embeddable":true,"href":"https:\/\/kad.al\/index.php\/wp-json\/wp\/v2\/product_tag?post=1641"}],"curies":[{"name":"wp","href":"https:\/\/api.w.org\/{rel}","templated":true}]}}