{"id":1636,"date":"2021-10-11T08:38:55","date_gmt":"2021-10-11T08:38:55","guid":{"rendered":"https:\/\/kad.al\/?post_type=product&#038;p=1636"},"modified":"2025-07-08T06:57:38","modified_gmt":"2025-07-08T06:57:38","slug":"perjetesi-pa-kohe","status":"publish","type":"product","link":"https:\/\/kad.al\/index.php\/product\/perjetesi-pa-kohe\/","title":{"rendered":"P\u00cbRJET\u00cbSI PA KOH\u00cb"},"content":{"rendered":"","protected":false},"excerpt":{"rendered":"<p><strong>P\u00cbRJET\u00cbSI PA KOH\u00cb<\/strong><\/p>\n<p><em><strong>Robert Martiko<\/strong><\/em><\/p>\n<p>ISBN 978-9928-357-20-5<\/p>\n<p>\u00c7mimi 1200 Lek\u00eb<\/p>\n<p>Romani &#8220;P\u00ebrjet\u00ebsi pa koh\u00eb&#8221; p\u00ebrmban sekretin e thell\u00eb t\u00eb ndryshimit t\u00eb shoq\u00ebris\u00eb humane, zbulon rrug\u00ebn p\u00ebr t\u00eb shp\u00ebtuar njeriu nga tmerri, lufta civile, kaosi apokaliptik, me miliona t\u00eb vrar\u00eb e t\u00eb asgjesuar n\u00eb t\u00eb gjith\u00eb bot\u00ebn.<\/p>\n<p>&nbsp;<\/p>\n","protected":false},"featured_media":1637,"template":"","meta":[],"product_brand":[],"product_cat":[23],"product_tag":[],"class_list":{"0":"post-1636","1":"product","2":"type-product","3":"status-publish","4":"has-post-thumbnail","6":"product_cat-romane-tregime-novela","7":"description-off","9":"first","10":"instock","11":"shipping-taxable","12":"product-type-simple"},"_links":{"self":[{"href":"https:\/\/kad.al\/index.php\/wp-json\/wp\/v2\/product\/1636","targetHints":{"allow":["GET"]}}],"collection":[{"href":"https:\/\/kad.al\/index.php\/wp-json\/wp\/v2\/product"}],"about":[{"href":"https:\/\/kad.al\/index.php\/wp-json\/wp\/v2\/types\/product"}],"wp:featuredmedia":[{"embeddable":true,"href":"https:\/\/kad.al\/index.php\/wp-json\/wp\/v2\/media\/1637"}],"wp:attachment":[{"href":"https:\/\/kad.al\/index.php\/wp-json\/wp\/v2\/media?parent=1636"}],"wp:term":[{"taxonomy":"product_brand","embeddable":true,"href":"https:\/\/kad.al\/index.php\/wp-json\/wp\/v2\/product_brand?post=1636"},{"taxonomy":"product_cat","embeddable":true,"href":"https:\/\/kad.al\/index.php\/wp-json\/wp\/v2\/product_cat?post=1636"},{"taxonomy":"product_tag","embeddable":true,"href":"https:\/\/kad.al\/index.php\/wp-json\/wp\/v2\/product_tag?post=1636"}],"curies":[{"name":"wp","href":"https:\/\/api.w.org\/{rel}","templated":true}]}}