{"id":1632,"date":"2021-10-07T13:43:32","date_gmt":"2021-10-07T13:43:32","guid":{"rendered":"https:\/\/kad.al\/?post_type=product&#038;p=1632"},"modified":"2025-07-08T07:07:33","modified_gmt":"2025-07-08T07:07:33","slug":"vepra-letrare-2","status":"publish","type":"product","link":"https:\/\/kad.al\/index.php\/product\/vepra-letrare-2\/","title":{"rendered":"VEPRA LETRARE 2"},"content":{"rendered":"","protected":false},"excerpt":{"rendered":"<p><strong>VEPRA LETRARE 2<\/strong><\/p>\n<p><em><strong>Nikolla Spathari<\/strong><\/em><\/p>\n<p>ISBN<\/p>\n<p>\u00c7mimi 1200 Lek\u00eb<\/p>\n<p>\u201cVepra Letrar 2\u201d, p\u00ebrmban librat \u201cN\u00eb k\u00ebng\u00eb \u00ebsht\u00eb edhe historia\u201d dhe \u201cAt Benedikt Dema\u201d. Libri\u00a0 \u201dN\u00eb k\u00ebng\u00eb esht\u00eb edhe historia\u201d p\u00ebrmban k\u00ebta kapituj: \u00a0K\u00ebnga qytetare shkodrane, Kanga majekrahit, Fishta dhe k\u00ebnga e tij, Humori Shkodran. Nd\u00ebrsa n\u00eb librin \u201cAt Bendikt Dema\u201d, jeta e k\u00ebti shkenc\u00ebtari dhe shkrimtari shpaloset n\u00eb shtat\u00ebmb\u00ebdhjet\u00eb kapituj.<\/p>\n<p>&nbsp;<\/p>\n","protected":false},"featured_media":1633,"template":"","meta":[],"product_brand":[],"product_cat":[23],"product_tag":[],"class_list":{"0":"post-1632","1":"product","2":"type-product","3":"status-publish","4":"has-post-thumbnail","6":"product_cat-romane-tregime-novela","7":"description-off","9":"first","10":"instock","11":"shipping-taxable","12":"product-type-simple"},"_links":{"self":[{"href":"https:\/\/kad.al\/index.php\/wp-json\/wp\/v2\/product\/1632","targetHints":{"allow":["GET"]}}],"collection":[{"href":"https:\/\/kad.al\/index.php\/wp-json\/wp\/v2\/product"}],"about":[{"href":"https:\/\/kad.al\/index.php\/wp-json\/wp\/v2\/types\/product"}],"wp:featuredmedia":[{"embeddable":true,"href":"https:\/\/kad.al\/index.php\/wp-json\/wp\/v2\/media\/1633"}],"wp:attachment":[{"href":"https:\/\/kad.al\/index.php\/wp-json\/wp\/v2\/media?parent=1632"}],"wp:term":[{"taxonomy":"product_brand","embeddable":true,"href":"https:\/\/kad.al\/index.php\/wp-json\/wp\/v2\/product_brand?post=1632"},{"taxonomy":"product_cat","embeddable":true,"href":"https:\/\/kad.al\/index.php\/wp-json\/wp\/v2\/product_cat?post=1632"},{"taxonomy":"product_tag","embeddable":true,"href":"https:\/\/kad.al\/index.php\/wp-json\/wp\/v2\/product_tag?post=1632"}],"curies":[{"name":"wp","href":"https:\/\/api.w.org\/{rel}","templated":true}]}}