{"id":1628,"date":"2021-10-05T08:16:09","date_gmt":"2021-10-05T08:16:09","guid":{"rendered":"https:\/\/kad.al\/?post_type=product&#038;p=1628"},"modified":"2025-07-08T07:06:31","modified_gmt":"2025-07-08T07:06:31","slug":"vepra-letrare-1","status":"publish","type":"product","link":"https:\/\/kad.al\/index.php\/product\/vepra-letrare-1\/","title":{"rendered":"VEPRA LETRARE 1"},"content":{"rendered":"","protected":false},"excerpt":{"rendered":"<p><strong>VEPRA LETRARE 1<\/strong><\/p>\n<p><em><strong>Nikolla Spathari<\/strong><\/em><\/p>\n<p>ISBN<\/p>\n<p>\u00c7mimi 1200 Lek\u00eb<\/p>\n<p>N\u00eb \u201cVepr\u00ebn\u00a0 Letrare 1\u201d \u00a0\u00ebsht\u00eb\u00a0 libri \u201cMal\u00ebsia e Madhe si e njoha un\u00eb\u201d e cila p\u00ebrmbledh k\u00ebta kapituj: Epilogu, Emri simbol, Mal\u00ebsia drejt identitetit t\u00eb saj shekullor, Mal\u00ebsia e Madhe, nj\u00eb trev\u00eb me organizim t\u00eb lasht\u00eb,\u00a0 Bajraktari i Mal\u00ebsis\u00eb nuk \u00ebsht\u00eb beu i \u00e7ifligut,\u00a0 Nj\u00eb tok\u00eb q\u00eb d\u00ebshmon prehistori,\u00a0 Historia e Mal\u00ebsis\u00eb n\u00eb kulmet e saj, Vendi i dy eposeve,\u00a0 Himni shekullor i mal\u00ebsor\u00ebve,\u00a0 Mal\u00ebsia e Madhe \u2013 nj\u00eb \u201c p\u00ebrpajn\u00eb \u201c pagane n\u00eb\u00a0 vreshtin religjoz,\u00a0 Hapsira m\u00eb e gjer\u00eb n\u00eb konceptin e in\u00e7estit, Normat \u201c juridike \u201c t\u00eb gjakmarrjes, reminishenc\u00eb me librat e shenjt\u00eb, Epilogu.<\/p>\n","protected":false},"featured_media":1629,"template":"","meta":[],"product_brand":[],"product_cat":[23],"product_tag":[],"class_list":{"0":"post-1628","1":"product","2":"type-product","3":"status-publish","4":"has-post-thumbnail","6":"product_cat-romane-tregime-novela","7":"description-off","9":"first","10":"instock","11":"shipping-taxable","12":"product-type-simple"},"_links":{"self":[{"href":"https:\/\/kad.al\/index.php\/wp-json\/wp\/v2\/product\/1628","targetHints":{"allow":["GET"]}}],"collection":[{"href":"https:\/\/kad.al\/index.php\/wp-json\/wp\/v2\/product"}],"about":[{"href":"https:\/\/kad.al\/index.php\/wp-json\/wp\/v2\/types\/product"}],"wp:featuredmedia":[{"embeddable":true,"href":"https:\/\/kad.al\/index.php\/wp-json\/wp\/v2\/media\/1629"}],"wp:attachment":[{"href":"https:\/\/kad.al\/index.php\/wp-json\/wp\/v2\/media?parent=1628"}],"wp:term":[{"taxonomy":"product_brand","embeddable":true,"href":"https:\/\/kad.al\/index.php\/wp-json\/wp\/v2\/product_brand?post=1628"},{"taxonomy":"product_cat","embeddable":true,"href":"https:\/\/kad.al\/index.php\/wp-json\/wp\/v2\/product_cat?post=1628"},{"taxonomy":"product_tag","embeddable":true,"href":"https:\/\/kad.al\/index.php\/wp-json\/wp\/v2\/product_tag?post=1628"}],"curies":[{"name":"wp","href":"https:\/\/api.w.org\/{rel}","templated":true}]}}