{"id":1605,"date":"2021-08-13T12:59:54","date_gmt":"2021-08-13T12:59:54","guid":{"rendered":"https:\/\/kad.al\/?post_type=product&#038;p=1605"},"modified":"2025-07-08T07:12:32","modified_gmt":"2025-07-08T07:12:32","slug":"vitamine-f","status":"publish","type":"product","link":"https:\/\/kad.al\/index.php\/product\/vitamine-f\/","title":{"rendered":"VITAMIN\u00cb F"},"content":{"rendered":"","protected":false},"excerpt":{"rendered":"<p><strong>VITAMIN\u00cb F<\/strong><\/p>\n<p><em><strong>Sabina Seferi<\/strong><\/em><\/p>\n<p>ISBN 978-9928-317-85-8<\/p>\n<p>\u00c7mimi 1300 Lek\u00eb<\/p>\n<p>Faqe 216<\/p>\n<p>Ngjarjet e k\u00ebtij romani zhvillohen n\u00eb ishujt e arkipelagut Maltez t\u00eb quajtur ndryshe si ishujt e per\u00ebndeshave.<\/p>\n","protected":false},"featured_media":1606,"template":"","meta":[],"product_brand":[],"product_cat":[23],"product_tag":[],"class_list":{"0":"post-1605","1":"product","2":"type-product","3":"status-publish","4":"has-post-thumbnail","6":"product_cat-romane-tregime-novela","7":"description-off","9":"first","10":"instock","11":"shipping-taxable","12":"product-type-simple"},"_links":{"self":[{"href":"https:\/\/kad.al\/index.php\/wp-json\/wp\/v2\/product\/1605","targetHints":{"allow":["GET"]}}],"collection":[{"href":"https:\/\/kad.al\/index.php\/wp-json\/wp\/v2\/product"}],"about":[{"href":"https:\/\/kad.al\/index.php\/wp-json\/wp\/v2\/types\/product"}],"wp:featuredmedia":[{"embeddable":true,"href":"https:\/\/kad.al\/index.php\/wp-json\/wp\/v2\/media\/1606"}],"wp:attachment":[{"href":"https:\/\/kad.al\/index.php\/wp-json\/wp\/v2\/media?parent=1605"}],"wp:term":[{"taxonomy":"product_brand","embeddable":true,"href":"https:\/\/kad.al\/index.php\/wp-json\/wp\/v2\/product_brand?post=1605"},{"taxonomy":"product_cat","embeddable":true,"href":"https:\/\/kad.al\/index.php\/wp-json\/wp\/v2\/product_cat?post=1605"},{"taxonomy":"product_tag","embeddable":true,"href":"https:\/\/kad.al\/index.php\/wp-json\/wp\/v2\/product_tag?post=1605"}],"curies":[{"name":"wp","href":"https:\/\/api.w.org\/{rel}","templated":true}]}}