{"id":1600,"date":"2021-07-29T10:03:43","date_gmt":"2021-07-29T10:03:43","guid":{"rendered":"https:\/\/kad.al\/?post_type=product&#038;p=1600"},"modified":"2025-07-10T13:53:09","modified_gmt":"2025-07-10T13:53:09","slug":"55-poezi","status":"publish","type":"product","link":"https:\/\/kad.al\/index.php\/product\/55-poezi\/","title":{"rendered":"55 Poezi"},"content":{"rendered":"","protected":false},"excerpt":{"rendered":"<p><strong>55 POEZI<\/strong><\/p>\n<p><em><strong>Charles Bukowski<\/strong><\/em><\/p>\n<p>ISBN 978-9928-357-04-5<\/p>\n<p>\u00c7mimi 800 Lek\u00eb<\/p>\n<p>Shqip\u00ebroi Jozef Radi<\/p>\n<p>Nj\u00eb lib\u00ebr me 55 poezi nga Charles Bukowski i njohur si nj\u00eb nd\u00ebr themeluesit e rrym\u00ebs &#8220;Underground&#8221; t\u00eb shkrimit artistik.<\/p>\n<p>&nbsp;<\/p>\n","protected":false},"featured_media":1601,"template":"","meta":[],"product_brand":[],"product_cat":[24],"product_tag":[],"class_list":{"0":"post-1600","1":"product","2":"type-product","3":"status-publish","4":"has-post-thumbnail","6":"product_cat-poezi","7":"description-off","9":"first","10":"instock","11":"shipping-taxable","12":"product-type-simple"},"_links":{"self":[{"href":"https:\/\/kad.al\/index.php\/wp-json\/wp\/v2\/product\/1600","targetHints":{"allow":["GET"]}}],"collection":[{"href":"https:\/\/kad.al\/index.php\/wp-json\/wp\/v2\/product"}],"about":[{"href":"https:\/\/kad.al\/index.php\/wp-json\/wp\/v2\/types\/product"}],"wp:featuredmedia":[{"embeddable":true,"href":"https:\/\/kad.al\/index.php\/wp-json\/wp\/v2\/media\/1601"}],"wp:attachment":[{"href":"https:\/\/kad.al\/index.php\/wp-json\/wp\/v2\/media?parent=1600"}],"wp:term":[{"taxonomy":"product_brand","embeddable":true,"href":"https:\/\/kad.al\/index.php\/wp-json\/wp\/v2\/product_brand?post=1600"},{"taxonomy":"product_cat","embeddable":true,"href":"https:\/\/kad.al\/index.php\/wp-json\/wp\/v2\/product_cat?post=1600"},{"taxonomy":"product_tag","embeddable":true,"href":"https:\/\/kad.al\/index.php\/wp-json\/wp\/v2\/product_tag?post=1600"}],"curies":[{"name":"wp","href":"https:\/\/api.w.org\/{rel}","templated":true}]}}