{"id":1580,"date":"2021-06-25T06:39:56","date_gmt":"2021-06-25T06:39:56","guid":{"rendered":"https:\/\/kad.al\/?post_type=product&#038;p=1580"},"modified":"2025-07-07T12:31:22","modified_gmt":"2025-07-07T12:31:22","slug":"e-sigurt","status":"publish","type":"product","link":"https:\/\/kad.al\/index.php\/product\/e-sigurt\/","title":{"rendered":"E SIGURT"},"content":{"rendered":"","protected":false},"excerpt":{"rendered":"<p><strong>E SIGURT<\/strong><\/p>\n<p><em><strong>S.K. Barnett<\/strong><\/em><\/p>\n<p>ISBN 978-9928-317-88-9<\/p>\n<p>\u00c7mimi 1300 Lek\u00eb<\/p>\n<p>Faqe 380<\/p>\n<p>Nj\u00eb vajz\u00eb e rr\u00ebmbyer i mbijeton nj\u00eb makthi dymb\u00ebdhjet\u00ebvje\u00e7ar. Tani ajo \u00ebsht\u00eb kthyer e sigurt\u00eb n\u00eb sht\u00ebpi&#8230; Me t\u00eb v\u00ebrtet\u00eb?<\/p>\n","protected":false},"featured_media":1581,"template":"","meta":[],"product_brand":[],"product_cat":[23],"product_tag":[],"class_list":{"0":"post-1580","1":"product","2":"type-product","3":"status-publish","4":"has-post-thumbnail","6":"product_cat-romane-tregime-novela","7":"description-off","9":"first","10":"instock","11":"shipping-taxable","12":"product-type-simple"},"_links":{"self":[{"href":"https:\/\/kad.al\/index.php\/wp-json\/wp\/v2\/product\/1580","targetHints":{"allow":["GET"]}}],"collection":[{"href":"https:\/\/kad.al\/index.php\/wp-json\/wp\/v2\/product"}],"about":[{"href":"https:\/\/kad.al\/index.php\/wp-json\/wp\/v2\/types\/product"}],"wp:featuredmedia":[{"embeddable":true,"href":"https:\/\/kad.al\/index.php\/wp-json\/wp\/v2\/media\/1581"}],"wp:attachment":[{"href":"https:\/\/kad.al\/index.php\/wp-json\/wp\/v2\/media?parent=1580"}],"wp:term":[{"taxonomy":"product_brand","embeddable":true,"href":"https:\/\/kad.al\/index.php\/wp-json\/wp\/v2\/product_brand?post=1580"},{"taxonomy":"product_cat","embeddable":true,"href":"https:\/\/kad.al\/index.php\/wp-json\/wp\/v2\/product_cat?post=1580"},{"taxonomy":"product_tag","embeddable":true,"href":"https:\/\/kad.al\/index.php\/wp-json\/wp\/v2\/product_tag?post=1580"}],"curies":[{"name":"wp","href":"https:\/\/api.w.org\/{rel}","templated":true}]}}