{"id":1574,"date":"2021-06-01T14:22:03","date_gmt":"2021-06-01T14:22:03","guid":{"rendered":"https:\/\/kad.al\/?post_type=product&#038;p=1574"},"modified":"2021-06-01T14:28:52","modified_gmt":"2021-06-01T14:28:52","slug":"ecja-drejt-se-djathtes-deshmi-morale-dhe-mencurie","status":"publish","type":"product","link":"https:\/\/kad.al\/index.php\/product\/ecja-drejt-se-djathtes-deshmi-morale-dhe-mencurie\/","title":{"rendered":"ECJA DREJT S\u00cb DJATHT\u00cbS D\u00cbSHMI MORALE DHE MEN\u00c7URIE"},"content":{"rendered":"","protected":false},"excerpt":{"rendered":"<p><strong>ECJA DREJT S\u00cb DJATHT\u00cbS D\u00cbSHMI MORALE DHE MEN\u00c7URIE<\/strong><\/p>\n<p><strong><em>Thanas Gjika<\/em><\/strong><\/p>\n<p>ISBN 978 &#8211; 9928 &#8211; 317 &#8211; 89 &#8211; 6<\/p>\n<p>\u00c7mimi 1500 Lek\u00eb \/ 15 \u20ac<\/p>\n<p>Libri p\u00ebrmbledh shkrime shkencore dhe publicistik\u00eb t\u00eb viteve t\u00eb fundit e cila synon d\u00ebnimin e krimeve t\u00eb komunizmit dhe nevoj\u00ebn e ecjes drejt s\u00eb djatht\u00ebs.<\/p>\n","protected":false},"featured_media":1575,"template":"","meta":[],"product_brand":[],"product_cat":[26],"product_tag":[],"class_list":{"0":"post-1574","1":"product","2":"type-product","3":"status-publish","4":"has-post-thumbnail","6":"product_cat-fjalore-albume","7":"description-off","9":"first","10":"instock","11":"shipping-taxable","12":"product-type-simple"},"_links":{"self":[{"href":"https:\/\/kad.al\/index.php\/wp-json\/wp\/v2\/product\/1574","targetHints":{"allow":["GET"]}}],"collection":[{"href":"https:\/\/kad.al\/index.php\/wp-json\/wp\/v2\/product"}],"about":[{"href":"https:\/\/kad.al\/index.php\/wp-json\/wp\/v2\/types\/product"}],"wp:featuredmedia":[{"embeddable":true,"href":"https:\/\/kad.al\/index.php\/wp-json\/wp\/v2\/media\/1575"}],"wp:attachment":[{"href":"https:\/\/kad.al\/index.php\/wp-json\/wp\/v2\/media?parent=1574"}],"wp:term":[{"taxonomy":"product_brand","embeddable":true,"href":"https:\/\/kad.al\/index.php\/wp-json\/wp\/v2\/product_brand?post=1574"},{"taxonomy":"product_cat","embeddable":true,"href":"https:\/\/kad.al\/index.php\/wp-json\/wp\/v2\/product_cat?post=1574"},{"taxonomy":"product_tag","embeddable":true,"href":"https:\/\/kad.al\/index.php\/wp-json\/wp\/v2\/product_tag?post=1574"}],"curies":[{"name":"wp","href":"https:\/\/api.w.org\/{rel}","templated":true}]}}