{"id":1549,"date":"2021-03-30T09:08:08","date_gmt":"2021-03-30T09:08:08","guid":{"rendered":"https:\/\/kad.al\/?post_type=product&#038;p=1549"},"modified":"2025-07-05T08:41:39","modified_gmt":"2025-07-05T08:41:39","slug":"buzeqeshja-e-bluzave-te-bardha","status":"publish","type":"product","link":"https:\/\/kad.al\/index.php\/product\/buzeqeshja-e-bluzave-te-bardha\/","title":{"rendered":"BUZ\u00cbQESHJA E BLUZAVE T\u00cb BARDHA"},"content":{"rendered":"","protected":false},"excerpt":{"rendered":"<p><strong>BUZ\u00cbQESHJA E BLUZAVE T\u00cb BARDHA <\/strong><\/p>\n<p><em><strong>Rifat Hoxha<\/strong><\/em><\/p>\n<p>ISBN 978-9928-317-77-3<\/p>\n<p>\u00c7mimi 1000 Lek\u00eb<\/p>\n<p>272 Faqe<\/p>\n<p>Shkrimtari Rifat Hoxha n\u00eb librin e tij m\u00eb t\u00eb ri, tregon nj\u00eb histori t\u00eb sistemit sh\u00ebndetsor n\u00eb qytetin e Kavaj\u00ebs dhe mjek\u00ebt q\u00eb kontribuan p\u00ebr t\u00eb.<\/p>\n","protected":false},"featured_media":1546,"template":"","meta":[],"product_brand":[],"product_cat":[21],"product_tag":[],"class_list":{"0":"post-1549","1":"product","2":"type-product","3":"status-publish","4":"has-post-thumbnail","6":"product_cat-studime-shkencore-dhe-monografi","7":"description-off","9":"first","10":"instock","11":"shipping-taxable","12":"product-type-simple"},"_links":{"self":[{"href":"https:\/\/kad.al\/index.php\/wp-json\/wp\/v2\/product\/1549","targetHints":{"allow":["GET"]}}],"collection":[{"href":"https:\/\/kad.al\/index.php\/wp-json\/wp\/v2\/product"}],"about":[{"href":"https:\/\/kad.al\/index.php\/wp-json\/wp\/v2\/types\/product"}],"wp:featuredmedia":[{"embeddable":true,"href":"https:\/\/kad.al\/index.php\/wp-json\/wp\/v2\/media\/1546"}],"wp:attachment":[{"href":"https:\/\/kad.al\/index.php\/wp-json\/wp\/v2\/media?parent=1549"}],"wp:term":[{"taxonomy":"product_brand","embeddable":true,"href":"https:\/\/kad.al\/index.php\/wp-json\/wp\/v2\/product_brand?post=1549"},{"taxonomy":"product_cat","embeddable":true,"href":"https:\/\/kad.al\/index.php\/wp-json\/wp\/v2\/product_cat?post=1549"},{"taxonomy":"product_tag","embeddable":true,"href":"https:\/\/kad.al\/index.php\/wp-json\/wp\/v2\/product_tag?post=1549"}],"curies":[{"name":"wp","href":"https:\/\/api.w.org\/{rel}","templated":true}]}}