{"id":1490,"date":"2021-01-18T12:24:16","date_gmt":"2021-01-18T12:24:16","guid":{"rendered":"https:\/\/kad.al\/?post_type=product&#038;p=1490"},"modified":"2025-07-10T13:50:57","modified_gmt":"2025-07-10T13:50:57","slug":"1490","status":"publish","type":"product","link":"https:\/\/kad.al\/index.php\/product\/1490\/","title":{"rendered":""},"content":{"rendered":"","protected":false},"excerpt":{"rendered":"<p><strong>EPOPEJA E NJERIUT<\/strong><\/p>\n<p><b><i>Martin &amp; Mirash Ivanaj<\/i><\/b><\/p>\n<p>ISBN 978-9928-317-66-7<\/p>\n<p>\u00c7mimi 600 Lek\u00eb<\/p>\n<p>Libri p\u00ebrmban poezi nga Martin dhe Mirash Ivanaj, dy personalitete t\u00eb njohura n\u00eb Shqip\u00ebrin\u00eb e viteve 30. Mirashi njihet dhe si Minist\u00ebr i Arsimit n\u00eb vitet 1933-35.<\/p>\n<p>P\u00ebrktheu nga serbishtja Laz\u00ebr Radi<\/p>\n","protected":false},"featured_media":1491,"template":"","meta":[],"product_brand":[],"product_cat":[24],"product_tag":[],"class_list":{"0":"post-1490","1":"product","2":"type-product","3":"status-publish","4":"has-post-thumbnail","6":"product_cat-poezi","7":"description-off","9":"first","10":"instock","11":"shipping-taxable","12":"product-type-simple"},"_links":{"self":[{"href":"https:\/\/kad.al\/index.php\/wp-json\/wp\/v2\/product\/1490","targetHints":{"allow":["GET"]}}],"collection":[{"href":"https:\/\/kad.al\/index.php\/wp-json\/wp\/v2\/product"}],"about":[{"href":"https:\/\/kad.al\/index.php\/wp-json\/wp\/v2\/types\/product"}],"wp:featuredmedia":[{"embeddable":true,"href":"https:\/\/kad.al\/index.php\/wp-json\/wp\/v2\/media\/1491"}],"wp:attachment":[{"href":"https:\/\/kad.al\/index.php\/wp-json\/wp\/v2\/media?parent=1490"}],"wp:term":[{"taxonomy":"product_brand","embeddable":true,"href":"https:\/\/kad.al\/index.php\/wp-json\/wp\/v2\/product_brand?post=1490"},{"taxonomy":"product_cat","embeddable":true,"href":"https:\/\/kad.al\/index.php\/wp-json\/wp\/v2\/product_cat?post=1490"},{"taxonomy":"product_tag","embeddable":true,"href":"https:\/\/kad.al\/index.php\/wp-json\/wp\/v2\/product_tag?post=1490"}],"curies":[{"name":"wp","href":"https:\/\/api.w.org\/{rel}","templated":true}]}}