{"id":1486,"date":"2021-01-18T11:37:09","date_gmt":"2021-01-18T11:37:09","guid":{"rendered":"https:\/\/kad.al\/?post_type=product&#038;p=1486"},"modified":"2021-03-23T09:28:37","modified_gmt":"2021-03-23T09:28:37","slug":"1486","status":"publish","type":"product","link":"https:\/\/kad.al\/index.php\/product\/1486\/","title":{"rendered":""},"content":{"rendered":"","protected":false},"excerpt":{"rendered":"<p><b>N\u00cb SKENAT E S\u00cb DJESHMES<\/b><\/p>\n<p><strong><i>Flamur Jakupi<\/i><\/strong><\/p>\n<p>ISBN 978 &#8211; 9928 &#8211; 317 &#8211; 35 &#8211; 3<\/p>\n<p>\u00c7mimi 700 Lek\u00eb \/ 6 \u20ac<\/p>\n<p>Faqe 130<\/p>\n<p>Flamur Jakupi tregon n\u00eb k\u00ebt\u00eb lib\u00ebr vitet e tij si aktor n\u00eb ish &#8220;Pallatin e Rinis\u00eb&#8221; n\u00eb Durr\u00ebs dhe n\u00eb at\u00eb t\u00eb kultur\u00ebs. Libri p\u00ebrfshin foto t\u00eb koh\u00ebs.<\/p>\n","protected":false},"featured_media":1487,"template":"","meta":[],"product_brand":[],"product_cat":[26],"product_tag":[],"class_list":{"0":"post-1486","1":"product","2":"type-product","3":"status-publish","4":"has-post-thumbnail","6":"product_cat-fjalore-albume","7":"description-off","9":"first","10":"instock","11":"shipping-taxable","12":"product-type-simple"},"_links":{"self":[{"href":"https:\/\/kad.al\/index.php\/wp-json\/wp\/v2\/product\/1486","targetHints":{"allow":["GET"]}}],"collection":[{"href":"https:\/\/kad.al\/index.php\/wp-json\/wp\/v2\/product"}],"about":[{"href":"https:\/\/kad.al\/index.php\/wp-json\/wp\/v2\/types\/product"}],"wp:featuredmedia":[{"embeddable":true,"href":"https:\/\/kad.al\/index.php\/wp-json\/wp\/v2\/media\/1487"}],"wp:attachment":[{"href":"https:\/\/kad.al\/index.php\/wp-json\/wp\/v2\/media?parent=1486"}],"wp:term":[{"taxonomy":"product_brand","embeddable":true,"href":"https:\/\/kad.al\/index.php\/wp-json\/wp\/v2\/product_brand?post=1486"},{"taxonomy":"product_cat","embeddable":true,"href":"https:\/\/kad.al\/index.php\/wp-json\/wp\/v2\/product_cat?post=1486"},{"taxonomy":"product_tag","embeddable":true,"href":"https:\/\/kad.al\/index.php\/wp-json\/wp\/v2\/product_tag?post=1486"}],"curies":[{"name":"wp","href":"https:\/\/api.w.org\/{rel}","templated":true}]}}