{"id":1485,"date":"2021-01-18T11:26:05","date_gmt":"2021-01-18T11:26:05","guid":{"rendered":"https:\/\/kad.al\/?post_type=product&#038;p=1485"},"modified":"2025-07-07T12:25:16","modified_gmt":"2025-07-07T12:25:16","slug":"1485","status":"publish","type":"product","link":"https:\/\/kad.al\/index.php\/product\/1485\/","title":{"rendered":""},"content":{"rendered":"","protected":false},"excerpt":{"rendered":"<p><strong>LINDA<\/strong><\/p>\n<p><b><i>Adelina Havo<\/i><\/b><\/p>\n<p>ISBN 978-9928-317-34-6<\/p>\n<p>\u00c7mimi 900 Lek\u00eb<\/p>\n<p>Faqe 308<\/p>\n<p>Histori e nj\u00eb gruaje, dhe shum\u00eb grave bashk\u00eb&#8230; Roman i jetuar.<\/p>\n","protected":false},"featured_media":1484,"template":"","meta":[],"product_brand":[],"product_cat":[23],"product_tag":[],"class_list":{"0":"post-1485","1":"product","2":"type-product","3":"status-publish","4":"has-post-thumbnail","6":"product_cat-romane-tregime-novela","7":"description-off","9":"first","10":"instock","11":"shipping-taxable","12":"product-type-simple"},"_links":{"self":[{"href":"https:\/\/kad.al\/index.php\/wp-json\/wp\/v2\/product\/1485","targetHints":{"allow":["GET"]}}],"collection":[{"href":"https:\/\/kad.al\/index.php\/wp-json\/wp\/v2\/product"}],"about":[{"href":"https:\/\/kad.al\/index.php\/wp-json\/wp\/v2\/types\/product"}],"wp:featuredmedia":[{"embeddable":true,"href":"https:\/\/kad.al\/index.php\/wp-json\/wp\/v2\/media\/1484"}],"wp:attachment":[{"href":"https:\/\/kad.al\/index.php\/wp-json\/wp\/v2\/media?parent=1485"}],"wp:term":[{"taxonomy":"product_brand","embeddable":true,"href":"https:\/\/kad.al\/index.php\/wp-json\/wp\/v2\/product_brand?post=1485"},{"taxonomy":"product_cat","embeddable":true,"href":"https:\/\/kad.al\/index.php\/wp-json\/wp\/v2\/product_cat?post=1485"},{"taxonomy":"product_tag","embeddable":true,"href":"https:\/\/kad.al\/index.php\/wp-json\/wp\/v2\/product_tag?post=1485"}],"curies":[{"name":"wp","href":"https:\/\/api.w.org\/{rel}","templated":true}]}}