{"id":1474,"date":"2021-01-18T09:27:02","date_gmt":"2021-01-18T09:27:02","guid":{"rendered":"https:\/\/kad.al\/?post_type=product&#038;p=1474"},"modified":"2025-07-10T13:50:34","modified_gmt":"2025-07-10T13:50:34","slug":"1474","status":"publish","type":"product","link":"https:\/\/kad.al\/index.php\/product\/1474\/","title":{"rendered":""},"content":{"rendered":"","protected":false},"excerpt":{"rendered":"<p><strong>F\u00cbMIJ\u00cb T\u00cb DRIT\u00cbS<\/strong><\/p>\n<p><b><i>Enton Bido<\/i><\/b><\/p>\n<p>ISBN 978 &#8211; 9928 &#8211; 317 &#8211; 59 &#8211; 9<\/p>\n<p>\u00c7mimi 600 Lek\u00eb<\/p>\n<p>Faqe 84<\/p>\n<p>Libri p\u00ebrmban proza poetike dhe poezi nga Enton Bido, si dhe poem\u00ebn &#8220;Edhe nj\u00eb her\u00eb p\u00ebr lumin&#8221; nga\u00a0Jacques Pr\u00e9vert.<\/p>\n<p>&nbsp;<\/p>\n","protected":false},"featured_media":1475,"template":"","meta":[],"product_brand":[],"product_cat":[24],"product_tag":[],"class_list":{"0":"post-1474","1":"product","2":"type-product","3":"status-publish","4":"has-post-thumbnail","6":"product_cat-poezi","7":"description-off","9":"first","10":"instock","11":"shipping-taxable","12":"product-type-simple"},"_links":{"self":[{"href":"https:\/\/kad.al\/index.php\/wp-json\/wp\/v2\/product\/1474","targetHints":{"allow":["GET"]}}],"collection":[{"href":"https:\/\/kad.al\/index.php\/wp-json\/wp\/v2\/product"}],"about":[{"href":"https:\/\/kad.al\/index.php\/wp-json\/wp\/v2\/types\/product"}],"wp:featuredmedia":[{"embeddable":true,"href":"https:\/\/kad.al\/index.php\/wp-json\/wp\/v2\/media\/1475"}],"wp:attachment":[{"href":"https:\/\/kad.al\/index.php\/wp-json\/wp\/v2\/media?parent=1474"}],"wp:term":[{"taxonomy":"product_brand","embeddable":true,"href":"https:\/\/kad.al\/index.php\/wp-json\/wp\/v2\/product_brand?post=1474"},{"taxonomy":"product_cat","embeddable":true,"href":"https:\/\/kad.al\/index.php\/wp-json\/wp\/v2\/product_cat?post=1474"},{"taxonomy":"product_tag","embeddable":true,"href":"https:\/\/kad.al\/index.php\/wp-json\/wp\/v2\/product_tag?post=1474"}],"curies":[{"name":"wp","href":"https:\/\/api.w.org\/{rel}","templated":true}]}}