{"id":1371,"date":"2020-11-06T11:01:52","date_gmt":"2020-11-06T11:01:52","guid":{"rendered":"https:\/\/kad.al\/?post_type=product&#038;p=1371"},"modified":"2025-07-05T09:16:15","modified_gmt":"2025-07-05T09:16:15","slug":"1371","status":"publish","type":"product","link":"https:\/\/kad.al\/index.php\/product\/1371\/","title":{"rendered":"K\u00cbRKIME ARKEOLOGJIKE"},"content":{"rendered":"","protected":false},"excerpt":{"rendered":"<p><strong>K\u00cbRKIME ARKEOLOGJIKE<\/strong><\/p>\n<p><em><strong>Vangjel To\u00e7i<\/strong><\/em><\/p>\n<p>ISBN 978-9928-317-53-7<\/p>\n<p>\u00c7mimi 1000 Lek\u00eb<\/p>\n<p>P\u00ebrmbledhje artikujsh shkencor\u00eb nga studiuesi dhe arkeologu Vangjel To\u00e7i. Fal\u00eb pun\u00ebs s\u00eb tij u krijua Muzeu Arkeologjik i Durr\u00ebsit n\u00eb vitin 1951. Disa vite m\u00eb pas n\u00eb 1966 ai zbuloi dhe amfiteatrin antik.<\/p>\n<p>&nbsp;<\/p>\n<p>&nbsp;<\/p>\n","protected":false},"featured_media":1372,"template":"","meta":[],"product_brand":[],"product_cat":[21],"product_tag":[],"class_list":{"0":"post-1371","1":"product","2":"type-product","3":"status-publish","4":"has-post-thumbnail","6":"product_cat-studime-shkencore-dhe-monografi","7":"description-off","9":"first","10":"instock","11":"shipping-taxable","12":"product-type-simple"},"_links":{"self":[{"href":"https:\/\/kad.al\/index.php\/wp-json\/wp\/v2\/product\/1371","targetHints":{"allow":["GET"]}}],"collection":[{"href":"https:\/\/kad.al\/index.php\/wp-json\/wp\/v2\/product"}],"about":[{"href":"https:\/\/kad.al\/index.php\/wp-json\/wp\/v2\/types\/product"}],"wp:featuredmedia":[{"embeddable":true,"href":"https:\/\/kad.al\/index.php\/wp-json\/wp\/v2\/media\/1372"}],"wp:attachment":[{"href":"https:\/\/kad.al\/index.php\/wp-json\/wp\/v2\/media?parent=1371"}],"wp:term":[{"taxonomy":"product_brand","embeddable":true,"href":"https:\/\/kad.al\/index.php\/wp-json\/wp\/v2\/product_brand?post=1371"},{"taxonomy":"product_cat","embeddable":true,"href":"https:\/\/kad.al\/index.php\/wp-json\/wp\/v2\/product_cat?post=1371"},{"taxonomy":"product_tag","embeddable":true,"href":"https:\/\/kad.al\/index.php\/wp-json\/wp\/v2\/product_tag?post=1371"}],"curies":[{"name":"wp","href":"https:\/\/api.w.org\/{rel}","templated":true}]}}