{"id":1347,"date":"2020-10-05T12:15:54","date_gmt":"2020-10-05T12:15:54","guid":{"rendered":"https:\/\/kad.al\/?post_type=product&#038;p=1347"},"modified":"2020-11-09T07:51:35","modified_gmt":"2020-11-09T07:51:35","slug":"1347","status":"publish","type":"product","link":"https:\/\/kad.al\/index.php\/product\/1347\/","title":{"rendered":""},"content":{"rendered":"","protected":false},"excerpt":{"rendered":"<p><strong> EGNATIA NDERI I\u00a0RROGOZHIN\u00cbS<\/strong><\/p>\n<p><b><i>Fatmir Efica<\/i><\/b><\/p>\n<p>ISBN 978 &#8211; 9928 &#8211; 317 &#8211; 37 &#8211; 7<\/p>\n<p>\u00c7mimi 700 Lek\u00eb \/ 6 \u20ac<\/p>\n<p>Nj\u00eb lib\u00ebr p\u00ebr klubin e futbollit &#8220;Egnatia&#8221; nga reporteri dhe gazetari sportiv Fatmir Efica.<\/p>\n","protected":false},"featured_media":1348,"template":"","meta":[],"product_brand":[],"product_cat":[26],"product_tag":[],"class_list":{"0":"post-1347","1":"product","2":"type-product","3":"status-publish","4":"has-post-thumbnail","6":"product_cat-fjalore-albume","7":"description-off","9":"first","10":"instock","11":"shipping-taxable","12":"product-type-simple"},"_links":{"self":[{"href":"https:\/\/kad.al\/index.php\/wp-json\/wp\/v2\/product\/1347","targetHints":{"allow":["GET"]}}],"collection":[{"href":"https:\/\/kad.al\/index.php\/wp-json\/wp\/v2\/product"}],"about":[{"href":"https:\/\/kad.al\/index.php\/wp-json\/wp\/v2\/types\/product"}],"wp:featuredmedia":[{"embeddable":true,"href":"https:\/\/kad.al\/index.php\/wp-json\/wp\/v2\/media\/1348"}],"wp:attachment":[{"href":"https:\/\/kad.al\/index.php\/wp-json\/wp\/v2\/media?parent=1347"}],"wp:term":[{"taxonomy":"product_brand","embeddable":true,"href":"https:\/\/kad.al\/index.php\/wp-json\/wp\/v2\/product_brand?post=1347"},{"taxonomy":"product_cat","embeddable":true,"href":"https:\/\/kad.al\/index.php\/wp-json\/wp\/v2\/product_cat?post=1347"},{"taxonomy":"product_tag","embeddable":true,"href":"https:\/\/kad.al\/index.php\/wp-json\/wp\/v2\/product_tag?post=1347"}],"curies":[{"name":"wp","href":"https:\/\/api.w.org\/{rel}","templated":true}]}}