{"id":1343,"date":"2020-10-05T11:25:43","date_gmt":"2020-10-05T11:25:43","guid":{"rendered":"https:\/\/kad.al\/?post_type=product&#038;p=1343"},"modified":"2020-10-05T11:35:17","modified_gmt":"2020-10-05T11:35:17","slug":"1343","status":"publish","type":"product","link":"https:\/\/kad.al\/index.php\/product\/1343\/","title":{"rendered":""},"content":{"rendered":"","protected":false},"excerpt":{"rendered":"<p><strong>\u00a0PORTRETE SHENJT\u00cbRISH<\/strong><\/p>\n<p><b><i>Antonio Maria Sicari<\/i><\/b><\/p>\n<p>ISBN 978 &#8211; 9928 &#8211; 189 &#8211; 67 &#8211; 7<\/p>\n<p>\u00c7mimi 500 Lek\u00eb \/ 4 \u20ac<\/p>\n<p>Personazhet q\u00eb jemi m\u00ebsuar t&#8217;i njohim nga tekstet biblike, tani kemi mund\u00ebsi t&#8217;i shohim n\u00eb m\u00ebnyr\u00eb m\u00eb t\u00eb plot\u00eb e m\u00eb t\u00eb kuptueshme nga t\u00eb gjith\u00eb.<\/p>\n","protected":false},"featured_media":1344,"template":"","meta":[],"product_brand":[],"product_cat":[26],"product_tag":[],"class_list":{"0":"post-1343","1":"product","2":"type-product","3":"status-publish","4":"has-post-thumbnail","6":"product_cat-fjalore-albume","7":"description-off","9":"first","10":"instock","11":"shipping-taxable","12":"product-type-simple"},"_links":{"self":[{"href":"https:\/\/kad.al\/index.php\/wp-json\/wp\/v2\/product\/1343","targetHints":{"allow":["GET"]}}],"collection":[{"href":"https:\/\/kad.al\/index.php\/wp-json\/wp\/v2\/product"}],"about":[{"href":"https:\/\/kad.al\/index.php\/wp-json\/wp\/v2\/types\/product"}],"wp:featuredmedia":[{"embeddable":true,"href":"https:\/\/kad.al\/index.php\/wp-json\/wp\/v2\/media\/1344"}],"wp:attachment":[{"href":"https:\/\/kad.al\/index.php\/wp-json\/wp\/v2\/media?parent=1343"}],"wp:term":[{"taxonomy":"product_brand","embeddable":true,"href":"https:\/\/kad.al\/index.php\/wp-json\/wp\/v2\/product_brand?post=1343"},{"taxonomy":"product_cat","embeddable":true,"href":"https:\/\/kad.al\/index.php\/wp-json\/wp\/v2\/product_cat?post=1343"},{"taxonomy":"product_tag","embeddable":true,"href":"https:\/\/kad.al\/index.php\/wp-json\/wp\/v2\/product_tag?post=1343"}],"curies":[{"name":"wp","href":"https:\/\/api.w.org\/{rel}","templated":true}]}}